{"id":630,"date":"2018-11-14T10:34:47","date_gmt":"2018-11-14T10:34:47","guid":{"rendered":"http:\/\/vhost1.sanat-tek.fi\/htk-temp\/?page_id=630"},"modified":"2018-12-07T15:09:55","modified_gmt":"2018-12-07T15:09:55","slug":"harjoitusajat","status":"publish","type":"page","link":"https:\/\/helsingintaitoluisteluklubi.com\/harjoitusajat\/","title":{"rendered":"Harjoitusajat"},"content":{"rendered":"\t\t<div data-elementor-type=\"wp-post\" data-elementor-id=\"630\" class=\"elementor elementor-630 elementor-bc-flex-widget\">\n\t\t\t\t\t\t<section class=\"elementor-section elementor-top-section elementor-element elementor-element-47b5d91 elementor-section-boxed elementor-section-height-default elementor-section-height-default\" data-id=\"47b5d91\" data-element_type=\"section\">\n\t\t\t\t\t\t<div class=\"elementor-container elementor-column-gap-default\">\n\t\t\t\t\t<div class=\"elementor-column elementor-col-100 elementor-top-column elementor-element elementor-element-152efcf\" data-id=\"152efcf\" data-element_type=\"column\">\n\t\t\t<div class=\"elementor-widget-wrap elementor-element-populated\">\n\t\t\t\t\t\t<div class=\"elementor-element elementor-element-6d8e823 elementor-widget elementor-widget-heading\" data-id=\"6d8e823\" data-element_type=\"widget\" data-widget_type=\"heading.default\">\n\t\t\t\t<div class=\"elementor-widget-container\">\n\t\t\t\t\t<h2 class=\"elementor-heading-title elementor-size-large\">Harjoitusajat<\/h2>\t\t\t\t<\/div>\n\t\t\t\t<\/div>\n\t\t\t\t\t<\/div>\n\t\t<\/div>\n\t\t\t\t\t<\/div>\n\t\t<\/section>\n\t\t\t\t<section class=\"elementor-section elementor-top-section elementor-element elementor-element-21c386d elementor-section-boxed elementor-section-height-default elementor-section-height-default\" data-id=\"21c386d\" data-element_type=\"section\">\n\t\t\t\t\t\t<div class=\"elementor-container elementor-column-gap-default\">\n\t\t\t\t\t<div class=\"elementor-column elementor-col-100 elementor-top-column elementor-element elementor-element-7de5511\" data-id=\"7de5511\" data-element_type=\"column\">\n\t\t\t<div class=\"elementor-widget-wrap elementor-element-populated\">\n\t\t\t\t\t\t<div class=\"elementor-element elementor-element-a4750bf elementor-widget elementor-widget-heading\" data-id=\"a4750bf\" data-element_type=\"widget\" data-widget_type=\"heading.default\">\n\t\t\t\t<div class=\"elementor-widget-container\">\n\t\t\t\t\t<h2 class=\"elementor-heading-title elementor-size-default\"><a href=\"https:\/\/erp.asio.fi\/onlinekalenteri\/htk\/\">Harjoitusajat kalenterin\u00e4kym\u00e4n\u00e4<\/a><\/h2>\t\t\t\t<\/div>\n\t\t\t\t<\/div>\n\t\t\t\t<div class=\"elementor-element elementor-element-71eb961 elementor-widget elementor-widget-text-editor\" data-id=\"71eb961\" data-element_type=\"widget\" data-widget_type=\"text-editor.default\">\n\t\t\t\t<div class=\"elementor-widget-container\">\n\t\t\t\t\t\t\t\t\t<ul style=\"margin-top: 0px; color: #4f4f4f; font-family: verdana; font-size: 12px; font-style: normal; font-variant-ligatures: normal; font-variant-caps: normal; font-weight: 400;\"><li>klikkaa ja valitse sen j\u00e4lkeen joukkue jonka harjoitusaikataulua haluat tarkastella<\/li><li><p style=\"margin-bottom: 10px; font-size: 12px; font-family: verdana; font-weight: normal; line-height: 1.5;\">kalenterin\u00e4kym\u00e4ss\u00e4 voit tarkastella samanaikaisesti useampia eri joukkueita\/ryhm\u00e4<\/p><\/li><\/ul>\t\t\t\t\t\t\t\t<\/div>\n\t\t\t\t<\/div>\n\t\t\t\t<div class=\"elementor-element elementor-element-f952fa6 elementor-widget elementor-widget-spacer\" data-id=\"f952fa6\" data-element_type=\"widget\" data-widget_type=\"spacer.default\">\n\t\t\t\t<div class=\"elementor-widget-container\">\n\t\t\t\t\t\t\t<div class=\"elementor-spacer\">\n\t\t\t<div class=\"elementor-spacer-inner\"><\/div>\n\t\t<\/div>\n\t\t\t\t\t\t<\/div>\n\t\t\t\t<\/div>\n\t\t\t\t\t<\/div>\n\t\t<\/div>\n\t\t\t\t\t<\/div>\n\t\t<\/section>\n\t\t\t\t<section class=\"elementor-section elementor-top-section elementor-element elementor-element-c03d48d elementor-section-boxed elementor-section-height-default elementor-section-height-default\" data-id=\"c03d48d\" data-element_type=\"section\">\n\t\t\t\t\t\t<div class=\"elementor-container elementor-column-gap-default\">\n\t\t\t\t\t<div class=\"elementor-column elementor-col-100 elementor-top-column elementor-element elementor-element-dcbab30\" data-id=\"dcbab30\" data-element_type=\"column\">\n\t\t\t<div class=\"elementor-widget-wrap elementor-element-populated\">\n\t\t\t\t\t\t<div class=\"elementor-element elementor-element-8593929 elementor-widget elementor-widget-heading\" data-id=\"8593929\" data-element_type=\"widget\" data-widget_type=\"heading.default\">\n\t\t\t\t<div class=\"elementor-widget-container\">\n\t\t\t\t\t<h2 class=\"elementor-heading-title elementor-size-default\"><a href=\"https:\/\/erp.asio.fi\/urheilu\/htk\/web\/\">Harjoitusajat list\u00e4n\u00e4kym\u00e4n\u00e4<\/a><\/h2>\t\t\t\t<\/div>\n\t\t\t\t<\/div>\n\t\t\t\t<div class=\"elementor-element elementor-element-c3f937a elementor-widget elementor-widget-text-editor\" data-id=\"c3f937a\" data-element_type=\"widget\" data-widget_type=\"text-editor.default\">\n\t\t\t\t<div class=\"elementor-widget-container\">\n\t\t\t\t\t\t\t\t\t<p><span style=\"color: #4f4f4f; font-family: verdana; font-size: 12px; font-style: normal; font-variant-ligatures: normal; font-variant-caps: normal; font-weight: 400;\">valitse haluamasi ajanjakso:<\/span><\/p><ul style=\"margin-top: 0px; color: #4f4f4f; font-family: verdana; font-size: 12px; font-variant-ligatures: normal; font-variant-caps: normal; font-weight: 400;\"><li>viikko\u00a0=\u00a0seuraavat 7 p\u00e4iv\u00e4\u00e4<\/li><li style=\"font-style: normal;\">kuukausi = mukana\u00a0my\u00f6s alustavia ja viel\u00e4 vahvistamattomia\u00a0viikkoja.\u00a0<\/li><li style=\"font-style: normal;\">p\u00e4iv\u00e4 = kuluva p\u00e4iv\u00e4<\/li><\/ul>\t\t\t\t\t\t\t\t<\/div>\n\t\t\t\t<\/div>\n\t\t\t\t<div class=\"elementor-element elementor-element-7d0172a elementor-widget elementor-widget-spacer\" data-id=\"7d0172a\" data-element_type=\"widget\" data-widget_type=\"spacer.default\">\n\t\t\t\t<div class=\"elementor-widget-container\">\n\t\t\t\t\t\t\t<div class=\"elementor-spacer\">\n\t\t\t<div class=\"elementor-spacer-inner\"><\/div>\n\t\t<\/div>\n\t\t\t\t\t\t<\/div>\n\t\t\t\t<\/div>\n\t\t\t\t\t<\/div>\n\t\t<\/div>\n\t\t\t\t\t<\/div>\n\t\t<\/section>\n\t\t\t\t<section class=\"elementor-section elementor-top-section elementor-element elementor-element-d80ce6c elementor-section-boxed elementor-section-height-default elementor-section-height-default\" data-id=\"d80ce6c\" data-element_type=\"section\">\n\t\t\t\t\t\t<div class=\"elementor-container elementor-column-gap-default\">\n\t\t\t\t\t<div class=\"elementor-column elementor-col-100 elementor-top-column elementor-element elementor-element-5d0e9ef\" data-id=\"5d0e9ef\" data-element_type=\"column\">\n\t\t\t<div class=\"elementor-widget-wrap elementor-element-populated\">\n\t\t\t\t\t\t<div class=\"elementor-element elementor-element-b4da295 elementor-widget elementor-widget-heading\" data-id=\"b4da295\" data-element_type=\"widget\" data-widget_type=\"heading.default\">\n\t\t\t\t<div class=\"elementor-widget-container\">\n\t\t\t\t\t<h2 class=\"elementor-heading-title elementor-size-default\"><a href=\"https:\/\/erp.asio.fi\/urheilu\/htk\/web\/rockettes\/index.php?team=RCKT\">Rockettes harjoitusajat<\/a><\/h2>\t\t\t\t<\/div>\n\t\t\t\t<\/div>\n\t\t\t\t<div class=\"elementor-element elementor-element-5fb90ff elementor-widget elementor-widget-text-editor\" data-id=\"5fb90ff\" data-element_type=\"widget\" data-widget_type=\"text-editor.default\">\n\t\t\t\t<div class=\"elementor-widget-container\">\n\t\t\t\t\t\t\t\t\t<ul style=\"margin-top: 0px; color: #4f4f4f; font-family: verdana; font-size: 12px; font-style: normal; font-variant-ligatures: normal; font-variant-caps: normal; font-weight: 400;\"><li>k\u00e4ytt\u00e4j\u00e4tunnus ja salasana pakollinen<\/li><\/ul>\t\t\t\t\t\t\t\t<\/div>\n\t\t\t\t<\/div>\n\t\t\t\t<div class=\"elementor-element elementor-element-eebf5c2 elementor-widget elementor-widget-spacer\" data-id=\"eebf5c2\" data-element_type=\"widget\" data-widget_type=\"spacer.default\">\n\t\t\t\t<div class=\"elementor-widget-container\">\n\t\t\t\t\t\t\t<div class=\"elementor-spacer\">\n\t\t\t<div class=\"elementor-spacer-inner\"><\/div>\n\t\t<\/div>\n\t\t\t\t\t\t<\/div>\n\t\t\t\t<\/div>\n\t\t\t\t\t<\/div>\n\t\t<\/div>\n\t\t\t\t\t<\/div>\n\t\t<\/section>\n\t\t\t\t<\/div>\n\t\t","protected":false},"excerpt":{"rendered":"<p>Harjoitusajat Harjoitusajat kalenterin\u00e4kym\u00e4n\u00e4 klikkaa ja valitse sen j\u00e4lkeen joukkue jonka harjoitusaikataulua haluat tarkastella kalenterin\u00e4kym\u00e4ss\u00e4 voit tarkastella samanaikaisesti useampia eri joukkueita\/ryhm\u00e4 Harjoitusajat list\u00e4n\u00e4kym\u00e4n\u00e4 valitse haluamasi ajanjakso: viikko\u00a0=\u00a0seuraavat 7 p\u00e4iv\u00e4\u00e4 kuukausi = [&hellip;]<\/p>\n","protected":false},"author":1,"featured_media":0,"parent":0,"menu_order":0,"comment_status":"closed","ping_status":"closed","template":"elementor_header_footer","meta":{"footnotes":""},"acf":[],"_links":{"self":[{"href":"https:\/\/helsingintaitoluisteluklubi.com\/wp-json\/wp\/v2\/pages\/630"}],"collection":[{"href":"https:\/\/helsingintaitoluisteluklubi.com\/wp-json\/wp\/v2\/pages"}],"about":[{"href":"https:\/\/helsingintaitoluisteluklubi.com\/wp-json\/wp\/v2\/types\/page"}],"author":[{"embeddable":true,"href":"https:\/\/helsingintaitoluisteluklubi.com\/wp-json\/wp\/v2\/users\/1"}],"replies":[{"embeddable":true,"href":"https:\/\/helsingintaitoluisteluklubi.com\/wp-json\/wp\/v2\/comments?post=630"}],"version-history":[{"count":6,"href":"https:\/\/helsingintaitoluisteluklubi.com\/wp-json\/wp\/v2\/pages\/630\/revisions"}],"predecessor-version":[{"id":1552,"href":"https:\/\/helsingintaitoluisteluklubi.com\/wp-json\/wp\/v2\/pages\/630\/revisions\/1552"}],"wp:attachment":[{"href":"https:\/\/helsingintaitoluisteluklubi.com\/wp-json\/wp\/v2\/media?parent=630"}],"curies":[{"name":"wp","href":"https:\/\/api.w.org\/{rel}","templated":true}]}}