{"id":6238,"date":"2021-08-05T07:50:05","date_gmt":"2021-08-05T05:50:05","guid":{"rendered":"https:\/\/helsingintaitoluisteluklubi.com\/?page_id=6238"},"modified":"2022-03-25T10:34:19","modified_gmt":"2022-03-25T08:34:19","slug":"olemme-tahtiseura","status":"publish","type":"page","link":"https:\/\/helsingintaitoluisteluklubi.com\/olemme-tahtiseura\/","title":{"rendered":"Olemme T\u00e4htiseura"},"content":{"rendered":"<header class=\"entry-header clr\">\n<h2 class=\"single-post-title entry-title\">HTK on kolmen t\u00e4hden T\u00e4htiseura!<\/h2>\n<\/header>\n<div class=\"entry-content clr\">\n<p><em><strong>HTK:lle my\u00f6nnetyt\u00a0T\u00e4htimerkit ovat Olympiakomitean, lajiliittojen ja aluej\u00e4rjest\u00f6jen luoma\u00a0seurojen\u00a0laatuohjelma,\u00a0jonka\u00a0tavoitteena on suomalaisen urheiluseuratoiminnan kokonaisvaltainen kehitt\u00e4minen.\u00a0T\u00e4htimerkin saaneessa seurassa toimitaan inhimillisesti, modernisti ja ketter\u00e4sti.\u00a0T\u00e4htimerkki on my\u00f6s lupaus\u00a0laadukkaasta\u00a0ja\u00a0vastuullisesta sek\u00e4\u00a0turvallisesta\u00a0harrastusymp\u00e4rist\u00f6st\u00e4, jossa jokainen voi nauttia\u00a0liikkumisesta\u00a0omalla tasollaan.\u00a0<span class=\"NormalTextRun SCXW202558066 BCX0\" data-ccp-parastyle=\"Normal (Web)\">Helsingin Taitoluisteluklub<\/span><span class=\"NormalTextRun SCXW202558066 BCX0\" data-ccp-parastyle=\"Normal (Web)\">i<\/span><span class=\"NormalTextRun SCXW202558066 BCX0\" data-ccp-parastyle=\"Normal (Web)\">lle on my\u00f6nnetty\u00a0<\/span><span class=\"NormalTextRun SCXW202558066 BCX0\" data-ccp-parastyle=\"Normal (Web)\">Olympiakomitean\u00a0<\/span><span class=\"NormalTextRun SCXW202558066 BCX0\" data-ccp-parastyle=\"Normal (Web)\">huippu-urheilun ja aikuisten\u00a0<\/span><span class=\"NormalTextRun SCXW202558066 BCX0\" data-ccp-parastyle=\"Normal (Web)\">T\u00e4htimerkit<\/span><span class=\"NormalTextRun SCXW202558066 BCX0\" data-ccp-parastyle=\"Normal (Web)\">.\u00a0<\/span><span class=\"NormalTextRun SCXW202558066 BCX0\" data-ccp-parastyle=\"Normal (Web)\">Lasten ja nuorten T\u00e4htimerkin HTK saavutti jo kes\u00e4ll\u00e4 2021.\u00a0<\/span><span class=\"NormalTextRun SCXW202558066 BCX0\" data-ccp-parastyle=\"Normal (Web)\">Suomessa on vain kaksi taitoluisteluseuraa<\/span><span class=\"NormalTextRun SCXW202558066 BCX0\" data-ccp-parastyle=\"Normal (Web)\">, joilla on kaikki kolme T\u00e4htimerkki\u00e4.\u00a0<\/span><\/strong><\/em><\/p>\n<p><img fetchpriority=\"high\" decoding=\"async\" class=\"size-medium wp-image-7908 aligncenter\" src=\"https:\/\/helsingintaitoluisteluklubi.com\/wp-content\/uploads\/2022\/03\/kaikki_taitol_rgb_300dpi-266x300.png\" alt=\"\" width=\"266\" height=\"300\" srcset=\"https:\/\/helsingintaitoluisteluklubi.com\/wp-content\/uploads\/2022\/03\/kaikki_taitol_rgb_300dpi-266x300.png 266w, https:\/\/helsingintaitoluisteluklubi.com\/wp-content\/uploads\/2022\/03\/kaikki_taitol_rgb_300dpi-909x1024.png 909w, https:\/\/helsingintaitoluisteluklubi.com\/wp-content\/uploads\/2022\/03\/kaikki_taitol_rgb_300dpi-768x865.png 768w, https:\/\/helsingintaitoluisteluklubi.com\/wp-content\/uploads\/2022\/03\/kaikki_taitol_rgb_300dpi.png 1292w\" sizes=\"(max-width: 266px) 100vw, 266px\" \/><\/p>\n<p>&nbsp;<\/p>\n<p><span data-contrast=\"auto\">T\u00e4htiseura-laatuohjelmaa tukee ja kehitt\u00e4\u00e4 suomal<\/span><span data-contrast=\"auto\">aisen urheilun keskeist\u00e4 vahvuutta: seuratoimintaa.<\/span><span data-contrast=\"auto\">\u00a0Ohjelman\u00a0<\/span><span data-contrast=\"auto\">tunnuksena on T\u00e4htimerkki, joka viestii siit\u00e4, ett\u00e4 seura t\u00e4ytt\u00e4\u00e4 sis\u00e4lt\u00f6vaatimukset ja kaikille yhteiset johtamisen laatutekij\u00e4t. T\u00e4htimerkin saaneet seurat toimivat osana maanlaajuista jatkuvan kehitt\u00e4misen verkostoa, jossa seurat saavat tukea omaan toimintaansa ja jakavat hyvi\u00e4 k\u00e4yt\u00e4nt\u00f6j\u00e4\u00e4n.<\/span><span data-ccp-props=\"{&quot;201341983&quot;:2,&quot;335559740&quot;:280}\">\u00a0<\/span><\/p>\n<p><span data-contrast=\"auto\">HTK on saanut kes\u00e4kuussa 2021\u00a0<\/span><span data-contrast=\"auto\">lasten ja nuorten osa-alueen T\u00e4htimerkin. Aikuisten osa-alueen T\u00e4htimerkin maaliskuussa 2022. Huippu-urheilun T\u00e4htimerkin muodostelmaluistelusta maaliskuussa 2022.\u00a0<\/span><\/p>\n<p><span data-contrast=\"auto\">\u201dT\u00e4htimerkki viestii seuramme nykyisille ja uusille j\u00e4senille sek\u00e4 heid\u00e4n l\u00e4hipiirilleen, ett\u00e4 tahdomme tarjota lapsille ja nuorille turvallisen, kehitt\u00e4v\u00e4n ja innostavan ymp\u00e4rist\u00f6n harrastaa ja urheilla, ja kehitty\u00e4 omaan yksil\u00f6lliseen tahtiinsa\u201d, kertoo\u00a0<\/span><span data-contrast=\"auto\">HTK:<\/span><span data-contrast=\"auto\">ssa<\/span><span data-contrast=\"auto\">\u00a0T\u00e4htiseura-hanketta vet\u00e4nyt hallituksen j\u00e4sen <strong>Elina\u00a0<\/strong><\/span><strong>Soukola<\/strong><span data-contrast=\"auto\">.<\/span><span data-ccp-props=\"{&quot;201341983&quot;:2,&quot;335559740&quot;:280}\">\u00a0<\/span><\/p>\n<p><span data-contrast=\"auto\">T\u00e4htimerkki kiritt\u00e4\u00e4 seuroja jatkuvaan kehitt\u00e4miseen ja itse auditointikin tehd\u00e4\u00e4n kolmen vuoden v\u00e4lein uudelleen.\u00a0<\/span><span data-ccp-props=\"{&quot;201341983&quot;:2,&quot;335559740&quot;:280}\">\u00a0<\/span><\/p>\n<p><span data-contrast=\"auto\">\u201d<\/span><span data-contrast=\"auto\">Meille<\/span><span data-contrast=\"auto\">\u00a0h<\/span><span data-contrast=\"auto\">ankkeen konkreettiset hy\u00f6dyt ovat olleet siin\u00e4<\/span><span data-contrast=\"auto\">,\u00a0<\/span><span data-contrast=\"auto\">ett\u00e4 olemme\u00a0<\/span><span data-contrast=\"auto\">keskustelleet, tehneet\u00a0<\/span><span data-contrast=\"auto\">n\u00e4kyv\u00e4ksi<\/span><span data-contrast=\"auto\">\u00a0ja dokumentoineet<\/span><span data-contrast=\"auto\">\u00a0seuramme<\/span><span data-contrast=\"auto\">\u00a0<\/span><span data-contrast=\"auto\">johtamis- ja valmennustoimintaa, oppineet toinen toisiltamme ja tunnistaneet systemaattisesti\u00a0<\/span><span data-contrast=\"auto\">T<\/span><span data-contrast=\"auto\">\u00e4htiseura-vii<\/span><span data-contrast=\"auto\">tekehyksen kautta seuramme vahvuuksia ja kehitt\u00e4mismahdollisuuksia. Olemme saaneet my\u00f6s\u00a0<\/span><span data-contrast=\"auto\">arvokasta<\/span><span data-contrast=\"auto\">\u00a0palautetta j\u00e4senilt\u00e4mme\u00a0<\/span><span data-contrast=\"auto\">sek\u00e4<\/span><span data-contrast=\"auto\">\u00a0meit\u00e4 auditoineilta\u00a0<\/span><span data-contrast=\"auto\">T<\/span><span data-contrast=\"auto\">aitoluisteluliiton ja\u00a0<\/span><span data-contrast=\"auto\">E<\/span><span data-contrast=\"auto\">slun<\/span><span data-contrast=\"auto\">\u00a0seurakehitt\u00e4jilt\u00e4.\u00a0<\/span><span data-contrast=\"auto\">N\u00e4in meid\u00e4n on mahdollista jatkossa valita ja panostaa etenkin sellaisiin kehityskohteisiin, jotka t<\/span><span data-contrast=\"auto\">ekev\u00e4t\u00a0<\/span><span data-contrast=\"auto\">HTK:sta<\/span><span data-contrast=\"auto\">\u00a0yh\u00e4 paremman seuran<\/span><span data-contrast=\"auto\">\u00a0niin\u00a0<\/span><span data-contrast=\"auto\">urheilijoille<\/span><span data-contrast=\"auto\">,<\/span><span data-contrast=\"auto\">\u00a0ty\u00f6ntekij\u00f6ille\u00a0<\/span><span data-contrast=\"auto\">kuin<\/span><span data-contrast=\"auto\">\u00a0meille vapaaehtoisille<\/span><span data-contrast=\"auto\">\u201d,\u00a0<\/span><span data-contrast=\"auto\">Soukola<\/span><span data-contrast=\"auto\">\u00a0<\/span><span data-contrast=\"auto\">toteaa.\u00a0<\/span><\/p>\n<p><span data-contrast=\"none\">Huippu-urheilun osalta p\u00e4\u00e4t\u00f6ksen T\u00e4htiseura-hankkeeseen mukaan l\u00e4htemisest\u00e4 tekee lajiliitto, joka valitsee tai kutsuu huippu-urheiluun suuntautuneita seuroja mukaan yhteisty\u00f6h\u00f6n. Tavoitteena on tiivist\u00e4\u00e4 ja parantaa huippu-urheiluun suuntautuneiden seurojen, lajiliiton sek\u00e4 keskeisten urheilun toimintaymp\u00e4rist\u00f6jen (urheiluakatemiat ja valmennuskeskukset) v\u00e4list\u00e4 yhteisty\u00f6t\u00e4 siten, ett\u00e4 urheilijoilla on yh\u00e4kin paremmat edellytykset harjoitella ja menesty\u00e4 aina lajin kansainv\u00e4liselle huipulle asti.\u00a0<\/span><span data-ccp-props=\"{&quot;134233117&quot;:true,&quot;134233118&quot;:true,&quot;201341983&quot;:0,&quot;335559739&quot;:150,&quot;335559740&quot;:240}\">\u00a0<\/span><\/p>\n<p><span data-contrast=\"none\">HTK:lle on my\u00f6nnetty kaikki kolme T\u00e4htimerkki\u00e4 muodostelmaluistelun osalta.<\/span><span data-ccp-props=\"{&quot;134233117&quot;:true,&quot;134233118&quot;:true,&quot;201341983&quot;:0,&quot;335559739&quot;:150,&quot;335559740&quot;:240}\">\u00a0<\/span><\/p>\n<p><span data-contrast=\"none\">\u201dL\u00e4htiess\u00e4mme mukaan Olympiakomitean huippu-urheilun T\u00e4htiseurahankkeeseen asetimme tavoitteeksi tietenkin T\u00e4htiseuraksi p\u00e4\u00e4semisen, mutta ennen kaikkea sen, ett\u00e4 t\u00e4m\u00e4n projektin avulla viemme asioita viel\u00e4 entist\u00e4kin paremmalle tasolle. Toimintatapojemme avaamisen ja m\u00e4\u00e4rittelyn my\u00f6t\u00e4 olemme pystyneet asettamaan toiminnallemme hyvi\u00e4 tavoitteita ja luomaan kiinnostavia kehityshankkeita. On kunnia-asia, ett\u00e4 HTK:n muodostelmaluistelun huippu-urheilukulttuuri saa arvostusta STLL:n ja Olympiakomitean taholta\u201d, toteaa HTK:n huippuluistelupolun p\u00e4\u00e4valmentaja <\/span><b><span data-contrast=\"none\">Kaisa Arrateig<\/span><\/b><span data-contrast=\"none\">.<\/span><span data-ccp-props=\"{&quot;134233117&quot;:true,&quot;134233118&quot;:true,&quot;201341983&quot;:0,&quot;335559739&quot;:150,&quot;335559740&quot;:240}\">\u00a0<\/span><\/p>\n<p><span data-contrast=\"auto\">Lue lis\u00e4\u00e4:<\/span><span data-ccp-props=\"{&quot;201341983&quot;:2,&quot;335559740&quot;:280}\">\u00a0<\/span><\/p>\n<p><a href=\"https:\/\/www.stll.fi\/seurat\/tahtiseurat\/\"><span data-contrast=\"none\">https:\/\/www.stll.fi\/seurat\/tahtiseurat\/<\/span><\/a><span data-contrast=\"auto\">\u00a0<\/span><span data-ccp-props=\"{&quot;201341983&quot;:2,&quot;335559740&quot;:280}\">\u00a0<\/span><\/p>\n<p><a href=\"https:\/\/www.olympiakomitea.fi\/seuratoiminta\/tahtiseurat-seurojen-laatuohjelma\/\"><span data-contrast=\"none\">https:\/\/www.olympiakomitea.fi\/seuratoiminta\/tahtiseurat-seurojen-laatuohjelma\/<\/span><\/a><span data-ccp-props=\"{&quot;201341983&quot;:2,&quot;335559740&quot;:280}\">\u00a0<\/span><\/p>\n<\/div>\n","protected":false},"excerpt":{"rendered":"<p>HTK on kolmen t\u00e4hden T\u00e4htiseura! HTK:lle my\u00f6nnetyt\u00a0T\u00e4htimerkit ovat Olympiakomitean, lajiliittojen ja aluej\u00e4rjest\u00f6jen luoma\u00a0seurojen\u00a0laatuohjelma,\u00a0jonka\u00a0tavoitteena on suomalaisen urheiluseuratoiminnan kokonaisvaltainen kehitt\u00e4minen.\u00a0T\u00e4htimerkin saaneessa seurassa toimitaan inhimillisesti, modernisti ja ketter\u00e4sti.\u00a0T\u00e4htimerkki on my\u00f6s lupaus\u00a0laadukkaasta\u00a0ja\u00a0vastuullisesta sek\u00e4\u00a0turvallisesta\u00a0harrastusymp\u00e4rist\u00f6st\u00e4, jossa [&hellip;]<\/p>\n","protected":false},"author":11,"featured_media":7908,"parent":0,"menu_order":0,"comment_status":"closed","ping_status":"closed","template":"","meta":{"footnotes":""},"acf":[],"_links":{"self":[{"href":"https:\/\/helsingintaitoluisteluklubi.com\/wp-json\/wp\/v2\/pages\/6238"}],"collection":[{"href":"https:\/\/helsingintaitoluisteluklubi.com\/wp-json\/wp\/v2\/pages"}],"about":[{"href":"https:\/\/helsingintaitoluisteluklubi.com\/wp-json\/wp\/v2\/types\/page"}],"author":[{"embeddable":true,"href":"https:\/\/helsingintaitoluisteluklubi.com\/wp-json\/wp\/v2\/users\/11"}],"replies":[{"embeddable":true,"href":"https:\/\/helsingintaitoluisteluklubi.com\/wp-json\/wp\/v2\/comments?post=6238"}],"version-history":[{"count":5,"href":"https:\/\/helsingintaitoluisteluklubi.com\/wp-json\/wp\/v2\/pages\/6238\/revisions"}],"predecessor-version":[{"id":7917,"href":"https:\/\/helsingintaitoluisteluklubi.com\/wp-json\/wp\/v2\/pages\/6238\/revisions\/7917"}],"wp:featuredmedia":[{"embeddable":true,"href":"https:\/\/helsingintaitoluisteluklubi.com\/wp-json\/wp\/v2\/media\/7908"}],"wp:attachment":[{"href":"https:\/\/helsingintaitoluisteluklubi.com\/wp-json\/wp\/v2\/media?parent=6238"}],"curies":[{"name":"wp","href":"https:\/\/api.w.org\/{rel}","templated":true}]}}