{"id":5822,"date":"2021-03-26T15:51:12","date_gmt":"2021-03-26T13:51:12","guid":{"rendered":"https:\/\/helsingintaitoluisteluklubi.com\/?page_id=5822"},"modified":"2023-11-04T12:35:25","modified_gmt":"2023-11-04T10:35:25","slug":"yhteistyokumppanit","status":"publish","type":"page","link":"https:\/\/helsingintaitoluisteluklubi.com\/seura\/yhteistyokumppanit\/","title":{"rendered":"Yhteisty\u00f6kumppanit"},"content":{"rendered":"\t\t<div data-elementor-type=\"wp-page\" data-elementor-id=\"5822\" class=\"elementor elementor-5822\">\n\t\t\t\t\t\t<section class=\"elementor-section elementor-top-section elementor-element elementor-element-2145d18 elementor-section-boxed elementor-section-height-default elementor-section-height-default\" data-id=\"2145d18\" data-element_type=\"section\">\n\t\t\t\t\t\t<div class=\"elementor-container elementor-column-gap-default\">\n\t\t\t\t\t<div class=\"elementor-column elementor-col-100 elementor-top-column elementor-element elementor-element-ba1f852\" data-id=\"ba1f852\" data-element_type=\"column\">\n\t\t\t<div class=\"elementor-widget-wrap elementor-element-populated\">\n\t\t\t\t\t\t<div class=\"elementor-element elementor-element-5da0b04 elementor-widget elementor-widget-heading\" data-id=\"5da0b04\" data-element_type=\"widget\" data-widget_type=\"heading.default\">\n\t\t\t\t<div class=\"elementor-widget-container\">\n\t\t\t\t\t<h2 class=\"elementor-heading-title elementor-size-large\">yhteisty\u00f6kumppanit<\/h2>\t\t\t\t<\/div>\n\t\t\t\t<\/div>\n\t\t\t\t\t<\/div>\n\t\t<\/div>\n\t\t\t\t\t<\/div>\n\t\t<\/section>\n\t\t\t\t<section class=\"elementor-section elementor-top-section elementor-element elementor-element-4c18523 elementor-section-boxed elementor-section-height-default elementor-section-height-default\" data-id=\"4c18523\" data-element_type=\"section\">\n\t\t\t\t\t\t<div class=\"elementor-container elementor-column-gap-default\">\n\t\t\t\t\t<div class=\"elementor-column elementor-col-100 elementor-top-column elementor-element elementor-element-51a7193\" data-id=\"51a7193\" data-element_type=\"column\">\n\t\t\t<div class=\"elementor-widget-wrap elementor-element-populated\">\n\t\t\t\t\t\t\t<\/div>\n\t\t<\/div>\n\t\t\t\t\t<\/div>\n\t\t<\/section>\n\t\t\t\t<section class=\"elementor-section elementor-top-section elementor-element elementor-element-d307e34 elementor-section-boxed elementor-section-height-default elementor-section-height-default\" data-id=\"d307e34\" data-element_type=\"section\">\n\t\t\t\t\t\t<div class=\"elementor-container elementor-column-gap-default\">\n\t\t\t\t\t<div class=\"elementor-column elementor-col-100 elementor-top-column elementor-element elementor-element-1277873\" data-id=\"1277873\" data-element_type=\"column\">\n\t\t\t<div class=\"elementor-widget-wrap elementor-element-populated\">\n\t\t\t\t\t\t<div class=\"elementor-element elementor-element-76d4db3 elementor-widget elementor-widget-image\" data-id=\"76d4db3\" data-element_type=\"widget\" data-widget_type=\"image.default\">\n\t\t\t\t<div class=\"elementor-widget-container\">\n\t\t\t\t\t\t\t\t\t\t\t\t\t\t\t\t<a href=\"https:\/\/luckyskate.fi\/\">\n\t\t\t\t\t\t\t<img decoding=\"async\" width=\"300\" height=\"124\" src=\"https:\/\/helsingintaitoluisteluklubi.com\/wp-content\/uploads\/2022\/10\/LuckySkate_kulta_png-1-300x124.png\" class=\"attachment-medium size-medium wp-image-9215\" alt=\"\" srcset=\"https:\/\/helsingintaitoluisteluklubi.com\/wp-content\/uploads\/2022\/10\/LuckySkate_kulta_png-1-300x124.png 300w, https:\/\/helsingintaitoluisteluklubi.com\/wp-content\/uploads\/2022\/10\/LuckySkate_kulta_png-1.png 599w\" sizes=\"(max-width: 300px) 100vw, 300px\" \/>\t\t\t\t\t\t\t\t<\/a>\n\t\t\t\t\t\t\t\t\t\t\t\t\t\t\t<\/div>\n\t\t\t\t<\/div>\n\t\t\t\t\t<\/div>\n\t\t<\/div>\n\t\t\t\t\t<\/div>\n\t\t<\/section>\n\t\t\t\t<section class=\"elementor-section elementor-top-section elementor-element elementor-element-bdfdea7 elementor-section-boxed elementor-section-height-default elementor-section-height-default\" data-id=\"bdfdea7\" data-element_type=\"section\">\n\t\t\t\t\t\t<div class=\"elementor-container elementor-column-gap-default\">\n\t\t\t\t\t<div class=\"elementor-column elementor-col-100 elementor-top-column elementor-element elementor-element-6189a26\" data-id=\"6189a26\" data-element_type=\"column\">\n\t\t\t<div class=\"elementor-widget-wrap elementor-element-populated\">\n\t\t\t\t\t\t<div class=\"elementor-element elementor-element-b5e797c elementor-widget elementor-widget-heading\" data-id=\"b5e797c\" data-element_type=\"widget\" data-widget_type=\"heading.default\">\n\t\t\t\t<div class=\"elementor-widget-container\">\n\t\t\t\t\t<h2 class=\"elementor-heading-title elementor-size-default\">kaikki taitoluisteluun yhdest\u00e4 paikasta \u2013 asiantuntemuksella ja ammattitaidolla<\/h2>\t\t\t\t<\/div>\n\t\t\t\t<\/div>\n\t\t\t\t<div class=\"elementor-element elementor-element-6accf7f elementor-widget elementor-widget-text-editor\" data-id=\"6accf7f\" data-element_type=\"widget\" data-widget_type=\"text-editor.default\">\n\t\t\t\t<div class=\"elementor-widget-container\">\n\t\t\t\t\t\t\t\t\t<p>Vuonna 1997 perustettu taitoluistelun erikoisliike Lucky Skate tarjoaa kaiken luisteluun tarvittavan, vankalla asiantuntemuksella. Meilt\u00e4 saat ammattitaitoisen kokonaispalvelun: luistimet ja ter\u00e4t, terien kiinnityksen ja teroituksen sek\u00e4 huoltopalvelut, tarvikkeet ja tekstiilit. Lue lis\u00e4\u00e4 palveluistamme: <a href=\"http:\/\/www.luckyskate.fi\/collections\/palvelut\"><strong>www.luckyskate.fi\/collections\/palvelut<\/strong><\/a><\/p><p>Ty\u00f6ntekij\u00f6ill\u00e4mme on monipuolinen kokemus taitoluistelusta. Huippu-urheilutaustaisina tied\u00e4mme, kuinka t\u00e4rkeit\u00e4 laadukkaat varusteet ja henkil\u00f6kohtainen sek\u00e4 joustava palvelu urheilijalle ovat. Toimintaamme ohjaavat asiantunteva palvelu, erinomaiset kansainv\u00e4liset suhteet ja korkealaatuiset tuotteet. Edustamme maailman tunnetuimpia kansainv\u00e4lisi\u00e4 tuotemerkkej\u00e4.<\/p><p>Uusi liiketilamme on avattu osoitteessa <strong>Pakilantie 95, 00670 Helsinki.<\/strong> Myym\u00e4l\u00e4mme sijaitsee vain 700 metrin p\u00e4\u00e4ss\u00e4 Palohein\u00e4n j\u00e4\u00e4hallilta, ja my\u00f6s mm. Pirkkolan ja Oulunkyl\u00e4n j\u00e4\u00e4hallit ovat l\u00e4hell\u00e4. Liiketilan edess\u00e4 on maksuttomia parkkipaikkoja, ja perille p\u00e4\u00e4see k\u00e4tev\u00e4sti my\u00f6s julkista liikennett\u00e4 hy\u00f6dynt\u00e4en.<\/p><p>Verkkokauppamme on avoinna joka p\u00e4iv\u00e4 vuorokauden ymp\u00e4ri osoitteessa <a href=\"http:\/\/www.luckyskate.fi\"><strong>www.luckyskate.fi.<\/strong><\/a><br \/>Meille asiakastyytyv\u00e4isyys on kunnia-asia. Teemme kaikkemme, jotta voimme palvella asiakkaitamme parhaalla mahdollisella tavalla.<\/p><p>Helsingin Taitoluisteluklubin j\u00e4senen\u00e4 saat -10 % alennuksen kaikista Lucky Skaten tuotteista. Alennus (koodi: <strong>HTK<\/strong>) on hy\u00f6dynnett\u00e4viss\u00e4 sek\u00e4 myym\u00e4l\u00e4ss\u00e4mme ett\u00e4 verkkokaupassamme.<\/p><p>Lis\u00e4tietoja:<br \/><a href=\"http:\/\/www.luckyskate.fi\">www.luckyskate.fi<\/a><br \/>p. 010-423 6680<br \/>info@luckyskate.fi<\/p><p>Tervetuloa palveltavaksi!<\/p>\t\t\t\t\t\t\t\t<\/div>\n\t\t\t\t<\/div>\n\t\t\t\t\t<\/div>\n\t\t<\/div>\n\t\t\t\t\t<\/div>\n\t\t<\/section>\n\t\t\t\t<section class=\"elementor-section elementor-top-section elementor-element elementor-element-018b7c4 elementor-section-boxed elementor-section-height-default elementor-section-height-default\" data-id=\"018b7c4\" data-element_type=\"section\">\n\t\t\t\t\t\t<div class=\"elementor-container elementor-column-gap-default\">\n\t\t\t\t\t<div class=\"elementor-column elementor-col-100 elementor-top-column elementor-element elementor-element-f0093a6\" data-id=\"f0093a6\" data-element_type=\"column\">\n\t\t\t<div class=\"elementor-widget-wrap elementor-element-populated\">\n\t\t\t\t\t\t<div class=\"elementor-element elementor-element-0ebf94b elementor-widget elementor-widget-image\" data-id=\"0ebf94b\" data-element_type=\"widget\" data-widget_type=\"image.default\">\n\t\t\t\t<div class=\"elementor-widget-container\">\n\t\t\t\t\t\t\t\t\t\t\t\t\t\t\t\t<a href=\"https:\/\/www.mehilainen.fi\/urheilu-mehilainen\/mehilainen-urheiluseuran-ja-urheilijan-kumppanina\">\n\t\t\t\t\t\t\t<img fetchpriority=\"high\" decoding=\"async\" width=\"300\" height=\"283\" src=\"https:\/\/helsingintaitoluisteluklubi.com\/wp-content\/uploads\/2021\/03\/urheilu_mehilainen_logo_pysty_pieni-300x283.jpg\" class=\"attachment-medium size-medium wp-image-5845\" alt=\"\" srcset=\"https:\/\/helsingintaitoluisteluklubi.com\/wp-content\/uploads\/2021\/03\/urheilu_mehilainen_logo_pysty_pieni-300x283.jpg 300w, https:\/\/helsingintaitoluisteluklubi.com\/wp-content\/uploads\/2021\/03\/urheilu_mehilainen_logo_pysty_pieni-768x725.jpg 768w, https:\/\/helsingintaitoluisteluklubi.com\/wp-content\/uploads\/2021\/03\/urheilu_mehilainen_logo_pysty_pieni.jpg 981w\" sizes=\"(max-width: 300px) 100vw, 300px\" \/>\t\t\t\t\t\t\t\t<\/a>\n\t\t\t\t\t\t\t\t\t\t\t\t\t\t\t<\/div>\n\t\t\t\t<\/div>\n\t\t\t\t\t<\/div>\n\t\t<\/div>\n\t\t\t\t\t<\/div>\n\t\t<\/section>\n\t\t\t\t<section class=\"elementor-section elementor-top-section elementor-element elementor-element-1b03bd8 elementor-section-boxed elementor-section-height-default elementor-section-height-default\" data-id=\"1b03bd8\" data-element_type=\"section\">\n\t\t\t\t\t\t<div class=\"elementor-container elementor-column-gap-default\">\n\t\t\t\t\t<div class=\"elementor-column elementor-col-100 elementor-top-column elementor-element elementor-element-b147dd0\" data-id=\"b147dd0\" data-element_type=\"column\">\n\t\t\t<div class=\"elementor-widget-wrap elementor-element-populated\">\n\t\t\t\t\t\t<div class=\"elementor-element elementor-element-585964b elementor-widget elementor-widget-text-editor\" data-id=\"585964b\" data-element_type=\"widget\" data-widget_type=\"text-editor.default\">\n\t\t\t\t<div class=\"elementor-widget-container\">\n\t\t\t\t\t\t\t\t\t<p>Urheilu Mehil\u00e4inen palvelee valtakunnallisesti urheilua harrastavia, aktiiviliikkujia, urheilijoita ja urheiluseuroja urheiluvammojen ennaltaehk\u00e4isyss\u00e4, hoidossa ja kuntoutuksessa sek\u00e4 tutkimuksessa. Urheilu Mehil\u00e4isen moniammatilliset asiantuntijatiimit edustavat suomalaista k\u00e4rkiosaamista urheilul\u00e4\u00e4ketieteess\u00e4.<\/p><p><strong>Seuran urheilijoiden tapaturmahoito Mehil\u00e4isess\u00e4:<\/strong><\/p><p>V\u00e4lit\u00f6n ensiapu T\u00f6\u00f6l\u00f6n Mehil\u00e4isen p\u00e4ivystyksess\u00e4 ma-pe klo 8-21 ja la-su 9-21.<\/p><p>Asiakaspalvelu ohjaa urheilijan ja t\u00e4m\u00e4n perheenj\u00e4senen kokeneille asiantuntijoille. T\u00f6\u00f6l\u00f6n Mehil\u00e4isess\u00e4 on mahdollisuus saada kaikki terveyspalvelut, ensiavusta kuntoutukseen, samasta paikasta.<\/p><p>Rekister\u00f6i koko perhe Mehil\u00e4iseen:<\/p><p>\u00a0<a href=\"https:\/\/www.mehilainen.fi\/urheilu-mehilainen\/urheilunetti\">https:\/\/www.mehilainen.fi\/urheilu-mehilainen\/urheilunetti<\/a><\/p><p>Ajan voit varata osoitteesta:\u00a0<a href=\"https:\/\/ajanvaraus.mehilainen.fi\/\">https:\/\/ajanvaraus.mehilainen.fi\/<\/a>\u00a0tai soittamalla puh.numeroon\u00a0 p. 01\u00a0041\u00a0400.<\/p><p><a href=\"http:\/\/www.urheilumehilainen.fi\/\"><span style=\"text-decoration: underline;\">Urheilu Mehil\u00e4isen yhteyshenkil\u00f6n\u00e4 toimii Elina Myllym\u00e4ki, Fysioterapeutti ja Urheilu Mehil\u00e4isen koordinaattori.\u00a0<\/span><\/a><a href=\"mailto:elina.myllymaki@mehilainen.fi\">elina.myllymaki@mehilainen.fi<\/a><\/p>\t\t\t\t\t\t\t\t<\/div>\n\t\t\t\t<\/div>\n\t\t\t\t\t<\/div>\n\t\t<\/div>\n\t\t\t\t\t<\/div>\n\t\t<\/section>\n\t\t\t\t<section class=\"elementor-section elementor-top-section elementor-element elementor-element-9627c47 elementor-section-boxed elementor-section-height-default elementor-section-height-default\" data-id=\"9627c47\" data-element_type=\"section\">\n\t\t\t\t\t\t<div class=\"elementor-container elementor-column-gap-default\">\n\t\t\t\t\t<div class=\"elementor-column elementor-col-100 elementor-top-column elementor-element elementor-element-f233abf\" data-id=\"f233abf\" data-element_type=\"column\">\n\t\t\t<div class=\"elementor-widget-wrap elementor-element-populated\">\n\t\t\t\t\t\t<div class=\"elementor-element elementor-element-3f4f59b elementor-widget elementor-widget-text-editor\" data-id=\"3f4f59b\" data-element_type=\"widget\" data-widget_type=\"text-editor.default\">\n\t\t\t\t<div class=\"elementor-widget-container\">\n\t\t\t\t\t\t\t\t\t<p><strong>P\u00e4ivit\u00e4mme sivua! Muut yhteisty\u00f6kumppanimme l\u00f6yd\u00e4t toistaiseksi etusivulta. <\/strong><strong><br \/><\/strong><\/p>\t\t\t\t\t\t\t\t<\/div>\n\t\t\t\t<\/div>\n\t\t\t\t\t<\/div>\n\t\t<\/div>\n\t\t\t\t\t<\/div>\n\t\t<\/section>\n\t\t\t\t<\/div>\n\t\t","protected":false},"excerpt":{"rendered":"<p>yhteisty\u00f6kumppanit kaikki taitoluisteluun yhdest\u00e4 paikasta \u2013 asiantuntemuksella ja ammattitaidolla Vuonna 1997 perustettu taitoluistelun erikoisliike Lucky Skate tarjoaa kaiken luisteluun tarvittavan, vankalla asiantuntemuksella. Meilt\u00e4 saat ammattitaitoisen kokonaispalvelun: luistimet ja ter\u00e4t, terien [&hellip;]<\/p>\n","protected":false},"author":11,"featured_media":0,"parent":9,"menu_order":0,"comment_status":"closed","ping_status":"closed","template":"","meta":{"footnotes":""},"acf":[],"_links":{"self":[{"href":"https:\/\/helsingintaitoluisteluklubi.com\/wp-json\/wp\/v2\/pages\/5822"}],"collection":[{"href":"https:\/\/helsingintaitoluisteluklubi.com\/wp-json\/wp\/v2\/pages"}],"about":[{"href":"https:\/\/helsingintaitoluisteluklubi.com\/wp-json\/wp\/v2\/types\/page"}],"author":[{"embeddable":true,"href":"https:\/\/helsingintaitoluisteluklubi.com\/wp-json\/wp\/v2\/users\/11"}],"replies":[{"embeddable":true,"href":"https:\/\/helsingintaitoluisteluklubi.com\/wp-json\/wp\/v2\/comments?post=5822"}],"version-history":[{"count":43,"href":"https:\/\/helsingintaitoluisteluklubi.com\/wp-json\/wp\/v2\/pages\/5822\/revisions"}],"predecessor-version":[{"id":11928,"href":"https:\/\/helsingintaitoluisteluklubi.com\/wp-json\/wp\/v2\/pages\/5822\/revisions\/11928"}],"up":[{"embeddable":true,"href":"https:\/\/helsingintaitoluisteluklubi.com\/wp-json\/wp\/v2\/pages\/9"}],"wp:attachment":[{"href":"https:\/\/helsingintaitoluisteluklubi.com\/wp-json\/wp\/v2\/media?parent=5822"}],"curies":[{"name":"wp","href":"https:\/\/api.w.org\/{rel}","templated":true}]}}