{"id":4581,"date":"2020-01-14T16:48:41","date_gmt":"2020-01-14T14:48:41","guid":{"rendered":"http:\/\/185.55.85.16\/plesk-site-preview\/helsingintaitoluisteluklubi.com\/185.55.85.16\/?page_id=4581"},"modified":"2023-07-24T13:01:35","modified_gmt":"2023-07-24T11:01:35","slug":"skating-school","status":"publish","type":"page","link":"https:\/\/helsingintaitoluisteluklubi.com\/luistelukoulu\/skating-school\/","title":{"rendered":"Skating school"},"content":{"rendered":"\t\t<div data-elementor-type=\"wp-post\" data-elementor-id=\"4581\" class=\"elementor elementor-4581\">\n\t\t\t\t\t\t<section class=\"elementor-section elementor-top-section elementor-element elementor-element-efcdc51 elementor-section-boxed elementor-section-height-default elementor-section-height-default\" data-id=\"efcdc51\" data-element_type=\"section\">\n\t\t\t\t\t\t<div class=\"elementor-container elementor-column-gap-default\">\n\t\t\t\t\t<div class=\"elementor-column elementor-col-100 elementor-top-column elementor-element elementor-element-55859db\" data-id=\"55859db\" data-element_type=\"column\">\n\t\t\t<div class=\"elementor-widget-wrap elementor-element-populated\">\n\t\t\t\t\t\t<div class=\"elementor-element elementor-element-d820f75 elementor-widget elementor-widget-heading\" data-id=\"d820f75\" data-element_type=\"widget\" data-widget_type=\"heading.default\">\n\t\t\t\t<div class=\"elementor-widget-container\">\n\t\t\t\t\t<h1 class=\"elementor-heading-title elementor-size-large\">Skating School in Helsinki<\/h1>\t\t\t\t<\/div>\n\t\t\t\t<\/div>\n\t\t\t\t\t<\/div>\n\t\t<\/div>\n\t\t\t\t\t<\/div>\n\t\t<\/section>\n\t\t\t\t<section class=\"elementor-section elementor-top-section elementor-element elementor-element-b392c6e elementor-section-boxed elementor-section-height-default elementor-section-height-default\" data-id=\"b392c6e\" data-element_type=\"section\">\n\t\t\t\t\t\t<div class=\"elementor-container elementor-column-gap-default\">\n\t\t\t\t\t<div class=\"elementor-column elementor-col-100 elementor-top-column elementor-element elementor-element-d177954\" data-id=\"d177954\" data-element_type=\"column\">\n\t\t\t<div class=\"elementor-widget-wrap elementor-element-populated\">\n\t\t\t\t\t\t<div class=\"elementor-element elementor-element-80fa70a elementor-widget elementor-widget-heading\" data-id=\"80fa70a\" data-element_type=\"widget\" data-widget_type=\"heading.default\">\n\t\t\t\t<div class=\"elementor-widget-container\">\n\t\t\t\t\t<h2 class=\"elementor-heading-title elementor-size-medium\">Learn to skate at HTK - Helsinki Figure Skating Club <\/h2>\t\t\t\t<\/div>\n\t\t\t\t<\/div>\n\t\t\t\t\t<\/div>\n\t\t<\/div>\n\t\t\t\t\t<\/div>\n\t\t<\/section>\n\t\t\t\t<section class=\"elementor-section elementor-top-section elementor-element elementor-element-9c74dcb elementor-section-boxed elementor-section-height-default elementor-section-height-default\" data-id=\"9c74dcb\" data-element_type=\"section\">\n\t\t\t\t\t\t<div class=\"elementor-container elementor-column-gap-default\">\n\t\t\t\t\t<div class=\"elementor-column elementor-col-100 elementor-top-column elementor-element elementor-element-bf0c46e\" data-id=\"bf0c46e\" data-element_type=\"column\">\n\t\t\t<div class=\"elementor-widget-wrap elementor-element-populated\">\n\t\t\t\t\t\t<div class=\"elementor-element elementor-element-fa2e3c4 elementor-widget elementor-widget-text-editor\" data-id=\"fa2e3c4\" data-element_type=\"widget\" data-widget_type=\"text-editor.default\">\n\t\t\t\t<div class=\"elementor-widget-container\">\n\t\t\t\t\t\t\t\t\t<p>Learning basic skating skills provides an excellent basis for many sports: it teaches body balance, coordination, agility and social skills. Many ice-hockey players have started their careers in skating schools where teaching focuses on fundamentals: how to stay up and fall safely, skating forward and backward, gliding, stopping, one-foot balances, jumping etc. All this happens in an encouraging and positive atmosphere with qualified instructors, respecting each skater\u2019s own learning rhythm. We master all sorts of different plays and tricks to keep children happy and motivated, whilst at the same time teaching them new abilities. The curriculum is built around themes which again makes learning more enjoyable. A few times a year the skater can bring a friend to try out for free. The season finishes at Christmas and Spring shows where children get to show what they have learned during the year.<\/p><p>Children can start as early as 3 years old, either in our \u2018J\u00e4\u00e4T\u00e4hdet\u2019 group or together with an adult in \u2018Lapsi-aikuinen\u2019 group. And don\u2019t forget that adults can start figure skating too: We have groups for beginners, advance level skaters and as a novelty, also a program ice for those who are competing and want to polish their choreographies together with a skilled coach. We also offer classes for schoolgoers (7-14-year-old) who want to learn to skate. Skating is really meant for everybody!<\/p><p>All teaching for children happens in small groups which are formed according to the kids\u2019 start level. When they advance, they move on to the next level. Hence, we ensure that those who have never skated before, receive extra attention from our instructors and assistants and those with more pace are not hampered by the slower ones.<\/p><p>Upon completion of basic skills in skating schools, HTK provides the possibility to continue to practice twice a week in \u2018Tintit\u201d group which is meant for those 4-6-year-old who already know some basics. After \u2018Tintit\u2019 the child can move on to other groups, either in individuals or synchronized skating. By the way, did you know that HTK\u2019s senior synchronized team, Helsinki Rockettes, has won several world championships medals?<\/p><p>Registration for our classes is done via our website by clicking \u2018ilmoittaudu\u2019 under the right group description. Then you enter the actual system (MyClub) which is available also in English and need to provide some personal data. If you hesitate to which group you should enroll yourself or your child, please contact our skating school leader Susanna Pajari at luistelukoulu(at)helsingintaitoluisteluklubi.com for further advice.<\/p>\t\t\t\t\t\t\t\t<\/div>\n\t\t\t\t<\/div>\n\t\t\t\t\t<\/div>\n\t\t<\/div>\n\t\t\t\t\t<\/div>\n\t\t<\/section>\n\t\t\t\t<section class=\"elementor-section elementor-top-section elementor-element elementor-element-5e35fa0 elementor-section-boxed elementor-section-height-default elementor-section-height-default\" data-id=\"5e35fa0\" data-element_type=\"section\">\n\t\t\t\t\t\t<div class=\"elementor-container elementor-column-gap-default\">\n\t\t\t\t\t<div class=\"elementor-column elementor-col-100 elementor-top-column elementor-element elementor-element-f331d10\" data-id=\"f331d10\" data-element_type=\"column\">\n\t\t\t<div class=\"elementor-widget-wrap elementor-element-populated\">\n\t\t\t\t\t\t<div class=\"elementor-element elementor-element-a31fbe6 elementor-widget elementor-widget-heading\" data-id=\"a31fbe6\" data-element_type=\"widget\" data-widget_type=\"heading.default\">\n\t\t\t\t<div class=\"elementor-widget-container\">\n\t\t\t\t\t<h2 class=\"elementor-heading-title elementor-size-default\">Skating school for children aged 3-6 years = J\u00e4\u00e4t\u00e4hdet\n<\/h2>\t\t\t\t<\/div>\n\t\t\t\t<\/div>\n\t\t\t\t\t<\/div>\n\t\t<\/div>\n\t\t\t\t\t<\/div>\n\t\t<\/section>\n\t\t\t\t<section class=\"elementor-section elementor-top-section elementor-element elementor-element-58dbb5d elementor-section-boxed elementor-section-height-default elementor-section-height-default\" data-id=\"58dbb5d\" data-element_type=\"section\">\n\t\t\t\t\t\t<div class=\"elementor-container elementor-column-gap-default\">\n\t\t\t\t\t<div class=\"elementor-column elementor-col-100 elementor-top-column elementor-element elementor-element-bb75549\" data-id=\"bb75549\" data-element_type=\"column\">\n\t\t\t<div class=\"elementor-widget-wrap elementor-element-populated\">\n\t\t\t\t\t\t\t<\/div>\n\t\t<\/div>\n\t\t\t\t\t<\/div>\n\t\t<\/section>\n\t\t\t\t<section class=\"elementor-section elementor-top-section elementor-element elementor-element-8a54d0a elementor-section-boxed elementor-section-height-default elementor-section-height-default\" data-id=\"8a54d0a\" data-element_type=\"section\">\n\t\t\t\t\t\t<div class=\"elementor-container elementor-column-gap-default\">\n\t\t\t\t\t<div class=\"elementor-column elementor-col-100 elementor-top-column elementor-element elementor-element-551166b\" data-id=\"551166b\" data-element_type=\"column\">\n\t\t\t<div class=\"elementor-widget-wrap elementor-element-populated\">\n\t\t\t\t\t\t<div class=\"elementor-element elementor-element-5a63985 elementor-widget elementor-widget-heading\" data-id=\"5a63985\" data-element_type=\"widget\" data-widget_type=\"heading.default\">\n\t\t\t\t<div class=\"elementor-widget-container\">\n\t\t\t\t\t<h2 class=\"elementor-heading-title elementor-size-default\">Skating school for boys aged 4-7 years = J\u00e4\u00e4Salamat<\/h2>\t\t\t\t<\/div>\n\t\t\t\t<\/div>\n\t\t\t\t\t<\/div>\n\t\t<\/div>\n\t\t\t\t\t<\/div>\n\t\t<\/section>\n\t\t\t\t<section class=\"elementor-section elementor-top-section elementor-element elementor-element-317fbe6 elementor-section-boxed elementor-section-height-default elementor-section-height-default\" data-id=\"317fbe6\" data-element_type=\"section\">\n\t\t\t\t\t\t<div class=\"elementor-container elementor-column-gap-default\">\n\t\t\t\t\t<div class=\"elementor-column elementor-col-100 elementor-top-column elementor-element elementor-element-3613219\" data-id=\"3613219\" data-element_type=\"column\">\n\t\t\t<div class=\"elementor-widget-wrap elementor-element-populated\">\n\t\t\t\t\t\t<div class=\"elementor-element elementor-element-7f48952 elementor-widget elementor-widget-text-editor\" data-id=\"7f48952\" data-element_type=\"widget\" data-widget_type=\"text-editor.default\">\n\t\t\t\t<div class=\"elementor-widget-container\">\n\t\t\t\t\t\t\t\t\t<p>\u00a0<\/p><p>\u00a0<\/p>\t\t\t\t\t\t\t\t<\/div>\n\t\t\t\t<\/div>\n\t\t\t\t\t<\/div>\n\t\t<\/div>\n\t\t\t\t\t<\/div>\n\t\t<\/section>\n\t\t\t\t<section class=\"elementor-section elementor-top-section elementor-element elementor-element-ca01bbb elementor-section-boxed elementor-section-height-default elementor-section-height-default\" data-id=\"ca01bbb\" data-element_type=\"section\">\n\t\t\t\t\t\t<div class=\"elementor-container elementor-column-gap-default\">\n\t\t\t\t\t<div class=\"elementor-column elementor-col-100 elementor-top-column elementor-element elementor-element-e7ac7de\" data-id=\"e7ac7de\" data-element_type=\"column\">\n\t\t\t<div class=\"elementor-widget-wrap elementor-element-populated\">\n\t\t\t\t\t\t<div class=\"elementor-element elementor-element-845dcd9 elementor-widget elementor-widget-heading\" data-id=\"845dcd9\" data-element_type=\"widget\" data-widget_type=\"heading.default\">\n\t\t\t\t<div class=\"elementor-widget-container\">\n\t\t\t\t\t<h2 class=\"elementor-heading-title elementor-size-default\">Skating school for children aged 3-7 years + an adult = Lapsi-aikuinen -ryhm\u00e4\n<\/h2>\t\t\t\t<\/div>\n\t\t\t\t<\/div>\n\t\t\t\t\t<\/div>\n\t\t<\/div>\n\t\t\t\t\t<\/div>\n\t\t<\/section>\n\t\t\t\t<section class=\"elementor-section elementor-top-section elementor-element elementor-element-e3aba4f elementor-section-boxed elementor-section-height-default elementor-section-height-default\" data-id=\"e3aba4f\" data-element_type=\"section\">\n\t\t\t\t\t\t<div class=\"elementor-container elementor-column-gap-default\">\n\t\t\t\t\t<div class=\"elementor-column elementor-col-100 elementor-top-column elementor-element elementor-element-c1b217c\" data-id=\"c1b217c\" data-element_type=\"column\">\n\t\t\t<div class=\"elementor-widget-wrap elementor-element-populated\">\n\t\t\t\t\t\t\t<\/div>\n\t\t<\/div>\n\t\t\t\t\t<\/div>\n\t\t<\/section>\n\t\t\t\t<section class=\"elementor-section elementor-top-section elementor-element elementor-element-dab52b2 elementor-section-boxed elementor-section-height-default elementor-section-height-default\" data-id=\"dab52b2\" data-element_type=\"section\">\n\t\t\t\t\t\t<div class=\"elementor-container elementor-column-gap-default\">\n\t\t\t\t\t<div class=\"elementor-column elementor-col-100 elementor-top-column elementor-element elementor-element-0874197\" data-id=\"0874197\" data-element_type=\"column\">\n\t\t\t<div class=\"elementor-widget-wrap elementor-element-populated\">\n\t\t\t\t\t\t<div class=\"elementor-element elementor-element-b5703a9 elementor-widget elementor-widget-heading\" data-id=\"b5703a9\" data-element_type=\"widget\" data-widget_type=\"heading.default\">\n\t\t\t\t<div class=\"elementor-widget-container\">\n\t\t\t\t\t<h2 class=\"elementor-heading-title elementor-size-default\">Skating school for youth aged 7-14 years = Koululaiset\n<\/h2>\t\t\t\t<\/div>\n\t\t\t\t<\/div>\n\t\t\t\t\t<\/div>\n\t\t<\/div>\n\t\t\t\t\t<\/div>\n\t\t<\/section>\n\t\t\t\t<section class=\"elementor-section elementor-top-section elementor-element elementor-element-eb35395 elementor-section-boxed elementor-section-height-default elementor-section-height-default\" data-id=\"eb35395\" data-element_type=\"section\">\n\t\t\t\t\t\t<div class=\"elementor-container elementor-column-gap-default\">\n\t\t\t\t\t<div class=\"elementor-column elementor-col-100 elementor-top-column elementor-element elementor-element-536e759\" data-id=\"536e759\" data-element_type=\"column\">\n\t\t\t<div class=\"elementor-widget-wrap elementor-element-populated\">\n\t\t\t\t\t\t\t<\/div>\n\t\t<\/div>\n\t\t\t\t\t<\/div>\n\t\t<\/section>\n\t\t\t\t<section class=\"elementor-section elementor-top-section elementor-element elementor-element-4434abb elementor-section-boxed elementor-section-height-default elementor-section-height-default\" data-id=\"4434abb\" data-element_type=\"section\">\n\t\t\t\t\t\t<div class=\"elementor-container elementor-column-gap-default\">\n\t\t\t\t\t<div class=\"elementor-column elementor-col-100 elementor-top-column elementor-element elementor-element-f13aae1\" data-id=\"f13aae1\" data-element_type=\"column\">\n\t\t\t<div class=\"elementor-widget-wrap elementor-element-populated\">\n\t\t\t\t\t\t<div class=\"elementor-element elementor-element-c96ad20 elementor-widget elementor-widget-heading\" data-id=\"c96ad20\" data-element_type=\"widget\" data-widget_type=\"heading.default\">\n\t\t\t\t<div class=\"elementor-widget-container\">\n\t\t\t\t\t<h2 class=\"elementor-heading-title elementor-size-default\">Skating school for Adults = Aikuiset<\/h2>\t\t\t\t<\/div>\n\t\t\t\t<\/div>\n\t\t\t\t\t<\/div>\n\t\t<\/div>\n\t\t\t\t\t<\/div>\n\t\t<\/section>\n\t\t\t\t<section class=\"elementor-section elementor-top-section elementor-element elementor-element-0b9b781 elementor-section-boxed elementor-section-height-default elementor-section-height-default\" data-id=\"0b9b781\" data-element_type=\"section\">\n\t\t\t\t\t\t<div class=\"elementor-container elementor-column-gap-default\">\n\t\t\t\t\t<div class=\"elementor-column elementor-col-100 elementor-top-column elementor-element elementor-element-79edfe2\" data-id=\"79edfe2\" data-element_type=\"column\">\n\t\t\t<div class=\"elementor-widget-wrap elementor-element-populated\">\n\t\t\t\t\t\t\t<\/div>\n\t\t<\/div>\n\t\t\t\t\t<\/div>\n\t\t<\/section>\n\t\t\t\t<section class=\"elementor-section elementor-top-section elementor-element elementor-element-2c1d31e elementor-section-boxed elementor-section-height-default elementor-section-height-default\" data-id=\"2c1d31e\" data-element_type=\"section\">\n\t\t\t\t\t\t<div class=\"elementor-container elementor-column-gap-default\">\n\t\t\t\t\t<div class=\"elementor-column elementor-col-100 elementor-top-column elementor-element elementor-element-e432b89\" data-id=\"e432b89\" data-element_type=\"column\">\n\t\t\t<div class=\"elementor-widget-wrap elementor-element-populated\">\n\t\t\t\t\t\t<div class=\"elementor-element elementor-element-86f2798 elementor-widget elementor-widget-heading\" data-id=\"86f2798\" data-element_type=\"widget\" data-widget_type=\"heading.default\">\n\t\t\t\t<div class=\"elementor-widget-container\">\n\t\t\t\t\t<h2 class=\"elementor-heading-title elementor-size-default\">Equipment check - what does a skater need?<\/h2>\t\t\t\t<\/div>\n\t\t\t\t<\/div>\n\t\t\t\t\t<\/div>\n\t\t<\/div>\n\t\t\t\t\t<\/div>\n\t\t<\/section>\n\t\t\t\t<section class=\"elementor-section elementor-top-section elementor-element elementor-element-e5c696e elementor-section-boxed elementor-section-height-default elementor-section-height-default\" data-id=\"e5c696e\" data-element_type=\"section\">\n\t\t\t\t\t\t<div class=\"elementor-container elementor-column-gap-default\">\n\t\t\t\t\t<div class=\"elementor-column elementor-col-100 elementor-top-column elementor-element elementor-element-b2b32ef\" data-id=\"b2b32ef\" data-element_type=\"column\">\n\t\t\t<div class=\"elementor-widget-wrap elementor-element-populated\">\n\t\t\t\t\t\t<div class=\"elementor-element elementor-element-61c2ab5 elementor-widget elementor-widget-text-editor\" data-id=\"61c2ab5\" data-element_type=\"widget\" data-widget_type=\"text-editor.default\">\n\t\t\t\t<div class=\"elementor-widget-container\">\n\t\t\t\t\t\t\t\t\t<ul><li>skates<\/li><li>blade guards (when you walk with your skates off ice)<\/li><li>a safety helmet (for the youngest skaters and beginners)<\/li><li>warm and comfortable sportswear clothes like sweat suit<\/li><li>a warm cap to cover the head<\/li><li>gloves<\/li><\/ul>\t\t\t\t\t\t\t\t<\/div>\n\t\t\t\t<\/div>\n\t\t\t\t\t<\/div>\n\t\t<\/div>\n\t\t\t\t\t<\/div>\n\t\t<\/section>\n\t\t\t\t<section class=\"elementor-section elementor-top-section elementor-element elementor-element-7f2187d elementor-section-boxed elementor-section-height-default elementor-section-height-default\" data-id=\"7f2187d\" data-element_type=\"section\">\n\t\t\t\t\t\t<div class=\"elementor-container elementor-column-gap-default\">\n\t\t\t\t\t<div class=\"elementor-column elementor-col-100 elementor-top-column elementor-element elementor-element-0112978\" data-id=\"0112978\" data-element_type=\"column\">\n\t\t\t<div class=\"elementor-widget-wrap elementor-element-populated\">\n\t\t\t\t\t\t<div class=\"elementor-element elementor-element-ec2e3e2 elementor-widget elementor-widget-heading\" data-id=\"ec2e3e2\" data-element_type=\"widget\" data-widget_type=\"heading.default\">\n\t\t\t\t<div class=\"elementor-widget-container\">\n\t\t\t\t\t<h2 class=\"elementor-heading-title elementor-size-default\">Where to buy figure skates in Helsinki area?<\/h2>\t\t\t\t<\/div>\n\t\t\t\t<\/div>\n\t\t\t\t\t<\/div>\n\t\t<\/div>\n\t\t\t\t\t<\/div>\n\t\t<\/section>\n\t\t\t\t<section class=\"elementor-section elementor-top-section elementor-element elementor-element-1b43316 elementor-section-boxed elementor-section-height-default elementor-section-height-default\" data-id=\"1b43316\" data-element_type=\"section\">\n\t\t\t\t\t\t<div class=\"elementor-container elementor-column-gap-default\">\n\t\t\t\t\t<div class=\"elementor-column elementor-col-100 elementor-top-column elementor-element elementor-element-08aa4c0\" data-id=\"08aa4c0\" data-element_type=\"column\">\n\t\t\t<div class=\"elementor-widget-wrap elementor-element-populated\">\n\t\t\t\t\t\t<div class=\"elementor-element elementor-element-0a9962f elementor-widget elementor-widget-text-editor\" data-id=\"0a9962f\" data-element_type=\"widget\" data-widget_type=\"text-editor.default\">\n\t\t\t\t<div class=\"elementor-widget-container\">\n\t\t\t\t\t\t\t\t\t<p>The following shops sell figure skates:<\/p><ul><li>Lucky Skate, Pakilantie 95, 00670 Helsinki. Phone 010 423 6680. <a href=\"http:\/\/www.luckyskate.fi\/\">www.luckyskate.fi<\/a><\/li><li>Skate Shop,\u00a0Malminraitti 17,\u00a0Helsinki. Phone 010 397 9400 <a href=\"http:\/\/www.skateshop.fi\/\">www.skateshop.fi<\/a><\/li><li>SM-Skate Marketing Oy, Sarkkakuja 2, Tuusula. Phone 09 275 5548 <a style=\"font-size: 20px; font-weight: 600;\" href=\"http:\/\/www.taitoluistin.fi\/\">www.taitoluistin.fi<\/a><\/li><\/ul>\t\t\t\t\t\t\t\t<\/div>\n\t\t\t\t<\/div>\n\t\t\t\t\t<\/div>\n\t\t<\/div>\n\t\t\t\t\t<\/div>\n\t\t<\/section>\n\t\t\t\t<section class=\"elementor-section elementor-top-section elementor-element elementor-element-2eeb7a2 elementor-section-boxed elementor-section-height-default elementor-section-height-default\" data-id=\"2eeb7a2\" data-element_type=\"section\">\n\t\t\t\t\t\t<div class=\"elementor-container elementor-column-gap-default\">\n\t\t\t\t\t<div class=\"elementor-column elementor-col-100 elementor-top-column elementor-element elementor-element-d231acf\" data-id=\"d231acf\" data-element_type=\"column\">\n\t\t\t<div class=\"elementor-widget-wrap elementor-element-populated\">\n\t\t\t\t\t\t<div class=\"elementor-element elementor-element-8ac1d9d elementor-widget elementor-widget-heading\" data-id=\"8ac1d9d\" data-element_type=\"widget\" data-widget_type=\"heading.default\">\n\t\t\t\t<div class=\"elementor-widget-container\">\n\t\t\t\t\t<h2 class=\"elementor-heading-title elementor-size-default\">Skates can be sharpened at the following figure skate service points\/shops:<\/h2>\t\t\t\t<\/div>\n\t\t\t\t<\/div>\n\t\t\t\t\t<\/div>\n\t\t<\/div>\n\t\t\t\t\t<\/div>\n\t\t<\/section>\n\t\t\t\t<section class=\"elementor-section elementor-top-section elementor-element elementor-element-73837416 elementor-section-boxed elementor-section-height-default elementor-section-height-default\" data-id=\"73837416\" data-element_type=\"section\">\n\t\t\t\t\t\t<div class=\"elementor-container elementor-column-gap-default\">\n\t\t\t\t\t<div class=\"elementor-column elementor-col-100 elementor-top-column elementor-element elementor-element-493a8bd5\" data-id=\"493a8bd5\" data-element_type=\"column\">\n\t\t\t<div class=\"elementor-widget-wrap elementor-element-populated\">\n\t\t\t\t\t\t<div class=\"elementor-element elementor-element-70d3444 elementor-widget elementor-widget-text-editor\" data-id=\"70d3444\" data-element_type=\"widget\" data-widget_type=\"text-editor.default\">\n\t\t\t\t<div class=\"elementor-widget-container\">\n\t\t\t\t\t\t\t\t\t<ul><li>J-P Matilainen, Tackla Center, Ruosilantie 2, Konala, Phone 040-5067547\u00a0<a href=\"https:\/\/www.facebook.com\/RamonEdge-Helsinki-335568016635645\/\">RamonEdge Helsinki<\/a><\/li><li>ProSharp, Kavallinm\u00e4ki 15, Espoo, Phone 040 555 40 50 <a href=\"http:\/\/www.prosharp.fi\/\">www.prosharp.fi<\/a><\/li><li>Mikko Karttunen, Minna Canthin katu 18, T\u00f6\u00f6l\u00f6. Phone 09 479 584 <a href=\"http:\/\/www.jalkinekorjaamo.com\/\">www.jalkinekorjaamo.com<\/a><\/li><li>Skate Shop,\u00a0Malminraitti 17,\u00a0Helsinki. Phone 010 397 9400\u00a0<a href=\"http:\/\/www.skateshop.fi\/\">www.skateshop.fi<\/a><\/li><li>SM-Skate Marketing Oy, Sarkkakuja 2, Tuusula. Phone 09 275 5548\u00a0<a href=\"http:\/\/www.taitoluistin.fi\/\">www.taitoluistin.fi<\/a><\/li><\/ul>\t\t\t\t\t\t\t\t<\/div>\n\t\t\t\t<\/div>\n\t\t\t\t\t<\/div>\n\t\t<\/div>\n\t\t\t\t\t<\/div>\n\t\t<\/section>\n\t\t\t\t<section class=\"elementor-section elementor-top-section elementor-element elementor-element-a5fabca elementor-section-boxed elementor-section-height-default elementor-section-height-default\" data-id=\"a5fabca\" data-element_type=\"section\">\n\t\t\t\t\t\t<div class=\"elementor-container elementor-column-gap-default\">\n\t\t\t\t\t<div class=\"elementor-column elementor-col-100 elementor-top-column elementor-element elementor-element-77c1204\" data-id=\"77c1204\" data-element_type=\"column\">\n\t\t\t<div class=\"elementor-widget-wrap elementor-element-populated\">\n\t\t\t\t\t\t<div class=\"elementor-element elementor-element-c2e58a0 elementor-widget elementor-widget-heading\" data-id=\"c2e58a0\" data-element_type=\"widget\" data-widget_type=\"heading.default\">\n\t\t\t\t<div class=\"elementor-widget-container\">\n\t\t\t\t\t<h2 class=\"elementor-heading-title elementor-size-default\">feel free to ask! luistelukoulu(at)helsingintaitoluisteluklubi.com\n<\/h2>\t\t\t\t<\/div>\n\t\t\t\t<\/div>\n\t\t\t\t\t<\/div>\n\t\t<\/div>\n\t\t\t\t\t<\/div>\n\t\t<\/section>\n\t\t\t\t<\/div>\n\t\t","protected":false},"excerpt":{"rendered":"<p>Skating School in Helsinki Learn to skate at HTK &#8211; Helsinki Figure Skating Club Learning basic skating skills provides an excellent basis for many sports: it teaches body balance, coordination, [&hellip;]<\/p>\n","protected":false},"author":13,"featured_media":0,"parent":13,"menu_order":0,"comment_status":"closed","ping_status":"closed","template":"","meta":{"footnotes":""},"acf":[],"_links":{"self":[{"href":"https:\/\/helsingintaitoluisteluklubi.com\/wp-json\/wp\/v2\/pages\/4581"}],"collection":[{"href":"https:\/\/helsingintaitoluisteluklubi.com\/wp-json\/wp\/v2\/pages"}],"about":[{"href":"https:\/\/helsingintaitoluisteluklubi.com\/wp-json\/wp\/v2\/types\/page"}],"author":[{"embeddable":true,"href":"https:\/\/helsingintaitoluisteluklubi.com\/wp-json\/wp\/v2\/users\/13"}],"replies":[{"embeddable":true,"href":"https:\/\/helsingintaitoluisteluklubi.com\/wp-json\/wp\/v2\/comments?post=4581"}],"version-history":[{"count":25,"href":"https:\/\/helsingintaitoluisteluklubi.com\/wp-json\/wp\/v2\/pages\/4581\/revisions"}],"predecessor-version":[{"id":11369,"href":"https:\/\/helsingintaitoluisteluklubi.com\/wp-json\/wp\/v2\/pages\/4581\/revisions\/11369"}],"up":[{"embeddable":true,"href":"https:\/\/helsingintaitoluisteluklubi.com\/wp-json\/wp\/v2\/pages\/13"}],"wp:attachment":[{"href":"https:\/\/helsingintaitoluisteluklubi.com\/wp-json\/wp\/v2\/media?parent=4581"}],"curies":[{"name":"wp","href":"https:\/\/api.w.org\/{rel}","templated":true}]}}