{"id":278,"date":"2018-11-04T14:47:19","date_gmt":"2018-11-04T14:47:19","guid":{"rendered":"http:\/\/vhost1.sanat-tek.fi\/htk-temp\/?page_id=278"},"modified":"2023-07-24T14:23:53","modified_gmt":"2023-07-24T12:23:53","slug":"valmentajat","status":"publish","type":"page","link":"https:\/\/helsingintaitoluisteluklubi.com\/muodostelmaluistelu\/valmentajat\/","title":{"rendered":"Valmentajat"},"content":{"rendered":"\t\t<div data-elementor-type=\"wp-post\" data-elementor-id=\"278\" class=\"elementor elementor-278\">\n\t\t\t\t\t\t<section class=\"elementor-section elementor-top-section elementor-element elementor-element-70895ef elementor-section-boxed elementor-section-height-default elementor-section-height-default\" data-id=\"70895ef\" data-element_type=\"section\">\n\t\t\t\t\t\t<div class=\"elementor-container elementor-column-gap-default\">\n\t\t\t\t\t<div class=\"elementor-column elementor-col-100 elementor-top-column elementor-element elementor-element-6256656\" data-id=\"6256656\" data-element_type=\"column\">\n\t\t\t<div class=\"elementor-widget-wrap elementor-element-populated\">\n\t\t\t\t\t\t<div class=\"elementor-element elementor-element-417909b elementor-widget elementor-widget-heading\" data-id=\"417909b\" data-element_type=\"widget\" data-widget_type=\"heading.default\">\n\t\t\t\t<div class=\"elementor-widget-container\">\n\t\t\t\t\t<h2 class=\"elementor-heading-title elementor-size-xl\">valmennustiimimme<\/h2>\t\t\t\t<\/div>\n\t\t\t\t<\/div>\n\t\t\t\t<div class=\"elementor-element elementor-element-c9d569c elementor-widget elementor-widget-text-editor\" data-id=\"c9d569c\" data-element_type=\"widget\" data-widget_type=\"text-editor.default\">\n\t\t\t\t<div class=\"elementor-widget-container\">\n\t\t\t\t\t\t\t\t\t<p style=\"text-align: left;\">Urheilijoidemme fyysinen ja psyykkinen hyvinvointi ja kehitys sek\u00e4 ihmisen\u00e4 kasvaminen on meille valmennuksen prioriteetti ja my\u00f6s menestymisemme edellytys.<\/p><p style=\"text-align: left;\">Taitoluistelu on vaativa ja aikaisen erikoistumisen taitolaji, joka edellytt\u00e4\u00e4 urheilijoilta paitsi m\u00e4\u00e4r\u00e4tietoista ja pitk\u00e4j\u00e4nteist\u00e4 harjoittelua sek\u00e4 urheilullisuutta my\u00f6s sitoutumista ja kurinalaisuutta. Yht\u00e4 t\u00e4rke\u00e4\u00e4 on kuitenkin kannustava ja innostava ilmapiiri sek\u00e4 pedagogisesti oikeaoppinen l\u00e4hestymistapa. HTK:ssa valmennuksen pedagoginen osaaminen on erityisen vahvaa, sill\u00e4 l\u00e4hes kaikki p\u00e4\u00e4toimiset valmentajamme ovat valmentajakoulutusten ohella my\u00f6s maistereiksi opiskelleita opettajia.\u00a0 Meill\u00e4 uskotaan menestykseen ilon ja positiivisen palautteen kautta!<\/p><p style=\"text-align: left;\">Urheilijan pyh\u00e4 kolminaisuus rakentuu oikeanlaisesta ja monipuolisesta harjoittelusta ja kehitt\u00e4v\u00e4st\u00e4 palautteesta, riitt\u00e4v\u00e4st\u00e4 levosta sek\u00e4 oikeanlaisesta ravinnosta, ja koko valmennusohjelmamme rakentuu t\u00e4m\u00e4n kolminaisuuden varaan. Siksi valmennusfilosofiassamme korostuu kokonaisvaltaisuus, jossa luisteluharjoitteiden lis\u00e4ksi t\u00e4rke\u00e4ss\u00e4 roolissa ovat my\u00f6s oheislajit kuten tanssi, kehonhuolto ja fysiikkatreenit sek\u00e4 urheilijakasvatus ja henkinen valmennus.<\/p>\t\t\t\t\t\t\t\t<\/div>\n\t\t\t\t<\/div>\n\t\t\t\t<div class=\"elementor-element elementor-element-cf95061 elementor-widget elementor-widget-heading\" data-id=\"cf95061\" data-element_type=\"widget\" data-widget_type=\"heading.default\">\n\t\t\t\t<div class=\"elementor-widget-container\">\n\t\t\t\t\t<h1 class=\"elementor-heading-title elementor-size-large\">tutustu valmentajiimme<\/h1>\t\t\t\t<\/div>\n\t\t\t\t<\/div>\n\t\t\t\t<div class=\"elementor-element elementor-element-3b9950c elementor-widget elementor-widget-shortcode\" data-id=\"3b9950c\" data-element_type=\"widget\" data-widget_type=\"shortcode.default\">\n\t\t\t\t<div class=\"elementor-widget-container\">\n\t\t\t\t\t  <div id='valmentajat'>\r\n    \r\n\r\n    \t\r\n    \t\t<a class='valmentaja' href=\"https:\/\/helsingintaitoluisteluklubi.com\/valmentajat\/kaisa-arrateig\/\">\r\n            <img class='valmentaja_kuva' src='https:\/\/helsingintaitoluisteluklubi.com\/wp-content\/uploads\/2023\/12\/20231026-JO1_3011.jpg'\/>\r\n\r\n            <p class='valmentaja_nimi'> Kaisa Arrateig<\/p>\r\n            <p class='valmentaja_titteli'> Huippu-urheilupolun johtaja<\/p>\r\n    \t\t<\/a>\r\n\r\n    \t\r\n    \t\t<a class='valmentaja' href=\"https:\/\/helsingintaitoluisteluklubi.com\/valmentajat\/valmentaja4\/\">\r\n            <img class='valmentaja_kuva' src='https:\/\/helsingintaitoluisteluklubi.com\/wp-content\/uploads\/2018\/11\/20221027-JO2_9060-Edit.jpg'\/>\r\n\r\n            <p class='valmentaja_nimi'> Laura Spiridovitsh<\/p>\r\n            <p class='valmentaja_titteli'> Vastuuvalmentaja<\/p>\r\n    \t\t<\/a>\r\n\r\n    \t\r\n    \t\t<a class='valmentaja' href=\"https:\/\/helsingintaitoluisteluklubi.com\/valmentajat\/nina-sandsund\/\">\r\n            <img class='valmentaja_kuva' src='https:\/\/helsingintaitoluisteluklubi.com\/wp-content\/uploads\/2018\/11\/20221027-JO2_9080-Edit.jpg'\/>\r\n\r\n            <p class='valmentaja_nimi'> Nina Sandsund<\/p>\r\n            <p class='valmentaja_titteli'> Vastuuvalmentaja<\/p>\r\n    \t\t<\/a>\r\n\r\n    \t\r\n    \t\t<a class='valmentaja' href=\"https:\/\/helsingintaitoluisteluklubi.com\/valmentajat\/melissa-lahde\/\">\r\n            <img class='valmentaja_kuva' src='https:\/\/helsingintaitoluisteluklubi.com\/wp-content\/uploads\/2023\/12\/20231026-JO1_1515.jpg'\/>\r\n\r\n            <p class='valmentaja_nimi'> Melissa L\u00e4hde<\/p>\r\n            <p class='valmentaja_titteli'> Vastuuvalmentaja<\/p>\r\n    \t\t<\/a>\r\n\r\n    \t\r\n    \t\t<a class='valmentaja' href=\"https:\/\/helsingintaitoluisteluklubi.com\/valmentajat\/satu-nylund\/\">\r\n            <img class='valmentaja_kuva' src='https:\/\/helsingintaitoluisteluklubi.com\/wp-content\/uploads\/2019\/10\/Satu-1.jpg'\/>\r\n\r\n            <p class='valmentaja_nimi'> Satu Nylund<\/p>\r\n            <p class='valmentaja_titteli'> Vastuuvalmentaja<\/p>\r\n    \t\t<\/a>\r\n\r\n    \t\r\n    \t\t<a class='valmentaja' href=\"https:\/\/helsingintaitoluisteluklubi.com\/valmentajat\/anandah-kononen\/\">\r\n            <img class='valmentaja_kuva' src='https:\/\/helsingintaitoluisteluklubi.com\/wp-content\/uploads\/2020\/01\/anadah.jpg'\/>\r\n\r\n            <p class='valmentaja_nimi'> Anandah Kononen<\/p>\r\n            <p class='valmentaja_titteli'> Baletti<\/p>\r\n    \t\t<\/a>\r\n\r\n    \t\r\n    \t\t<a class='valmentaja' href=\"https:\/\/helsingintaitoluisteluklubi.com\/valmentajat\/heta-haikonen-2\/\">\r\n            <img class='valmentaja_kuva' src='https:\/\/helsingintaitoluisteluklubi.com\/wp-content\/uploads\/2022\/08\/20221027-JO2_9030-2.jpg'\/>\r\n\r\n            <p class='valmentaja_nimi'> Heta Haikonen<\/p>\r\n            <p class='valmentaja_titteli'> Vastuuvalmentaja<\/p>\r\n    \t\t<\/a>\r\n\r\n    \t\r\n    \t\t<a class='valmentaja' href=\"https:\/\/helsingintaitoluisteluklubi.com\/valmentajat\/susanna-pajari\/\">\r\n            <img class='valmentaja_kuva' src='https:\/\/helsingintaitoluisteluklubi.com\/wp-content\/uploads\/2023\/12\/20231026-JO1_1534.jpg'\/>\r\n\r\n            <p class='valmentaja_nimi'> Susanna Pajari<\/p>\r\n            <p class='valmentaja_titteli'> Vastuuvalmentaja<\/p>\r\n    \t\t<\/a>\r\n\r\n    \t\r\n    \t\t<a class='valmentaja' href=\"https:\/\/helsingintaitoluisteluklubi.com\/valmentajat\/sanna-tervala\/\">\r\n            <img class='valmentaja_kuva' src='https:\/\/helsingintaitoluisteluklubi.com\/wp-content\/uploads\/2022\/12\/20221027-JO2_9020-2.jpg'\/>\r\n\r\n            <p class='valmentaja_nimi'> Sanna Tervala<\/p>\r\n            <p class='valmentaja_titteli'> Vastuuvalmentaja<\/p>\r\n    \t\t<\/a>\r\n\r\n    \t\r\n    \t\t<a class='valmentaja' href=\"https:\/\/helsingintaitoluisteluklubi.com\/valmentajat\/avustavat-valmentajat\/\">\r\n            <img class='valmentaja_kuva' src='https:\/\/helsingintaitoluisteluklubi.com\/wp-content\/uploads\/2022\/12\/20221027-JO2_9064-2.jpg'\/>\r\n\r\n            <p class='valmentaja_nimi'> Avustavat Valmentajat<\/p>\r\n            <p class='valmentaja_titteli'> Muodostelmaluistelu<\/p>\r\n    \t\t<\/a>\r\n\r\n    \t\r\n    \t\t<a class='valmentaja' href=\"https:\/\/helsingintaitoluisteluklubi.com\/valmentajat\/milja-suila\/\">\r\n            <img class='valmentaja_kuva' src='https:\/\/helsingintaitoluisteluklubi.com\/wp-content\/uploads\/2023\/12\/20231026-JO1_1510.jpg'\/>\r\n\r\n            <p class='valmentaja_nimi'> Milja Suila<\/p>\r\n            <p class='valmentaja_titteli'> Vastuuvalmentaja<\/p>\r\n    \t\t<\/a>\r\n\r\n    \t\r\n    \t\t<a class='valmentaja' href=\"https:\/\/helsingintaitoluisteluklubi.com\/valmentajat\/maarit-helander\/\">\r\n            <img class='valmentaja_kuva' src='https:\/\/helsingintaitoluisteluklubi.com\/wp-content\/uploads\/2023\/12\/20231026-JO1_1535.jpg'\/>\r\n\r\n            <p class='valmentaja_nimi'> Maarit Helander<\/p>\r\n            <p class='valmentaja_titteli'> Vastuuvalmentaja<\/p>\r\n    \t\t<\/a>\r\n\r\n    \t\r\n    \t\t<a class='valmentaja' href=\"https:\/\/helsingintaitoluisteluklubi.com\/valmentajat\/nona-vihma\/\">\r\n            <img class='valmentaja_kuva' src='https:\/\/helsingintaitoluisteluklubi.com\/wp-content\/uploads\/2023\/12\/20231026-JO1_1539.jpg'\/>\r\n\r\n            <p class='valmentaja_nimi'> Nona Vihma<\/p>\r\n            <p class='valmentaja_titteli'> Valmentaja<\/p>\r\n    \t\t<\/a>\r\n\r\n    \t\r\n    \t\t<a class='valmentaja' href=\"https:\/\/helsingintaitoluisteluklubi.com\/valmentajat\/heidi-mehto\/\">\r\n            <img class='valmentaja_kuva' src='https:\/\/helsingintaitoluisteluklubi.com\/wp-content\/uploads\/2023\/12\/htk3-e1702288980729.png'\/>\r\n\r\n            <p class='valmentaja_nimi'> Heidi Mehto<\/p>\r\n            <p class='valmentaja_titteli'> Muodostelmaluistelun yksil\u00f6taitovalmentaja<\/p>\r\n    \t\t<\/a>\r\n\r\n    \t\r\n\r\n    \t      <\/div> \t\t<div class=\"elementor-shortcode\"><\/div>\n\t\t\t\t\t\t<\/div>\n\t\t\t\t<\/div>\n\t\t\t\t\t<\/div>\n\t\t<\/div>\n\t\t\t\t\t<\/div>\n\t\t<\/section>\n\t\t\t\t<\/div>\n\t\t","protected":false},"excerpt":{"rendered":"<p>valmennustiimimme Urheilijoidemme fyysinen ja psyykkinen hyvinvointi ja kehitys sek\u00e4 ihmisen\u00e4 kasvaminen on meille valmennuksen prioriteetti ja my\u00f6s menestymisemme edellytys. Taitoluistelu on vaativa ja aikaisen erikoistumisen taitolaji, joka edellytt\u00e4\u00e4 urheilijoilta paitsi [&hellip;]<\/p>\n","protected":false},"author":1,"featured_media":0,"parent":11,"menu_order":0,"comment_status":"closed","ping_status":"closed","template":"","meta":{"footnotes":""},"acf":[],"_links":{"self":[{"href":"https:\/\/helsingintaitoluisteluklubi.com\/wp-json\/wp\/v2\/pages\/278"}],"collection":[{"href":"https:\/\/helsingintaitoluisteluklubi.com\/wp-json\/wp\/v2\/pages"}],"about":[{"href":"https:\/\/helsingintaitoluisteluklubi.com\/wp-json\/wp\/v2\/types\/page"}],"author":[{"embeddable":true,"href":"https:\/\/helsingintaitoluisteluklubi.com\/wp-json\/wp\/v2\/users\/1"}],"replies":[{"embeddable":true,"href":"https:\/\/helsingintaitoluisteluklubi.com\/wp-json\/wp\/v2\/comments?post=278"}],"version-history":[{"count":48,"href":"https:\/\/helsingintaitoluisteluklubi.com\/wp-json\/wp\/v2\/pages\/278\/revisions"}],"predecessor-version":[{"id":11388,"href":"https:\/\/helsingintaitoluisteluklubi.com\/wp-json\/wp\/v2\/pages\/278\/revisions\/11388"}],"up":[{"embeddable":true,"href":"https:\/\/helsingintaitoluisteluklubi.com\/wp-json\/wp\/v2\/pages\/11"}],"wp:attachment":[{"href":"https:\/\/helsingintaitoluisteluklubi.com\/wp-json\/wp\/v2\/media?parent=278"}],"curies":[{"name":"wp","href":"https:\/\/api.w.org\/{rel}","templated":true}]}}