{"id":1918,"date":"2019-09-15T18:46:04","date_gmt":"2019-09-15T16:46:04","guid":{"rendered":"http:\/\/185.55.85.16\/plesk-site-preview\/helsingintaitoluisteluklubi.com\/185.55.85.16\/?page_id=1918"},"modified":"2023-03-19T14:39:30","modified_gmt":"2023-03-19T12:39:30","slug":"historiamme","status":"publish","type":"page","link":"https:\/\/helsingintaitoluisteluklubi.com\/seura\/tama-on-htk\/historiamme\/","title":{"rendered":"Historiamme"},"content":{"rendered":"\t\t<div data-elementor-type=\"wp-post\" data-elementor-id=\"1918\" class=\"elementor elementor-1918\">\n\t\t\t\t\t\t<section class=\"elementor-section elementor-top-section elementor-element elementor-element-f966130 elementor-section-boxed elementor-section-height-default elementor-section-height-default\" data-id=\"f966130\" data-element_type=\"section\">\n\t\t\t\t\t\t<div class=\"elementor-container elementor-column-gap-default\">\n\t\t\t\t\t<div class=\"elementor-column elementor-col-100 elementor-top-column elementor-element elementor-element-4573f18\" data-id=\"4573f18\" data-element_type=\"column\">\n\t\t\t<div class=\"elementor-widget-wrap elementor-element-populated\">\n\t\t\t\t\t\t<div class=\"elementor-element elementor-element-c67a10f elementor-widget elementor-widget-heading\" data-id=\"c67a10f\" data-element_type=\"widget\" data-widget_type=\"heading.default\">\n\t\t\t\t<div class=\"elementor-widget-container\">\n\t\t\t\t\t<h2 class=\"elementor-heading-title elementor-size-large\">historiamme alkoi hjk:n kaunoluistelujaostona<\/h2>\t\t\t\t<\/div>\n\t\t\t\t<\/div>\n\t\t\t\t\t<\/div>\n\t\t<\/div>\n\t\t\t\t\t<\/div>\n\t\t<\/section>\n\t\t\t\t<section class=\"elementor-section elementor-top-section elementor-element elementor-element-55b8fb9 elementor-section-boxed elementor-section-height-default elementor-section-height-default\" data-id=\"55b8fb9\" data-element_type=\"section\">\n\t\t\t\t\t\t<div class=\"elementor-container elementor-column-gap-default\">\n\t\t\t\t\t<div class=\"elementor-column elementor-col-100 elementor-top-column elementor-element elementor-element-35684d9\" data-id=\"35684d9\" data-element_type=\"column\">\n\t\t\t<div class=\"elementor-widget-wrap elementor-element-populated\">\n\t\t\t\t\t\t<div class=\"elementor-element elementor-element-7ae09a3 elementor-widget elementor-widget-text-editor\" data-id=\"7ae09a3\" data-element_type=\"widget\" data-widget_type=\"text-editor.default\">\n\t\t\t\t<div class=\"elementor-widget-container\">\n\t\t\t\t\t\t\t\t\t<p>Miten suomalaisia kaunoluistelijoita saataisiin mukaan maailmanmestaruuskisoihin? Suomaisen luistelun tilanne vaivasi Jane Erkkoa 1965 Colorado Springsin kisakatsomossa.\u00a0<\/p><p>H\u00e4n ryhtyi toimeen ja marraskuussa 1966 toimintansa aloitti Helsingin Jalkapalloklubin kaunoluistelujaosto. Jaosto itsen\u00e4istyi ja Helsingin Taitoluisteluklubi perustettiin omana seuranaan 15.5.1972.\u00a0<\/p><p>Uuden seuran alullepanijoina toimivat etenkin Jane ja Aatos Erkko, jotka tavoittelivat ammattimaista toimintatapaa ja suomalaisen taitoluistelun tason nostamista kansainv\u00e4lisen k\u00e4rjen tuntumaan.\u00a0Erkoilla oli selke\u00e4 n\u00e4kemys siit\u00e4, mit\u00e4 ty\u00f6 vaati: runsaasti lajista kiinnostuneita nuoria, parhaat mahdolliset olosuhteet ja p\u00e4tevi\u00e4 valmentajia, ja my\u00f6s konkreettinen suunnitelma, kuinka t\u00e4m\u00e4 kaikki toteutetaan.\u00a0<\/p><p>Vauhdikkaat 50 vuottamme on dokumentoitu 17.3.2023 julkaistuun juhlajulkaisuun.<\/p><p><strong><a href=\"https:\/\/helsingintaitoluisteluklubi.com\/wp-content\/uploads\/2023\/03\/HTK50-historiikki.pdf\">Lataa HTK:n 50-vuotishistoriikki t\u00e4st\u00e4!<\/a><\/strong><\/p>\t\t\t\t\t\t\t\t<\/div>\n\t\t\t\t<\/div>\n\t\t\t\t\t<\/div>\n\t\t<\/div>\n\t\t\t\t\t<\/div>\n\t\t<\/section>\n\t\t\t\t<section class=\"elementor-section elementor-top-section elementor-element elementor-element-3021a128 elementor-section-boxed elementor-section-height-default elementor-section-height-default\" data-id=\"3021a128\" data-element_type=\"section\">\n\t\t\t\t\t\t<div class=\"elementor-container elementor-column-gap-default\">\n\t\t\t\t\t<div class=\"elementor-column elementor-col-100 elementor-top-column elementor-element elementor-element-1de97701\" data-id=\"1de97701\" data-element_type=\"column\">\n\t\t\t<div class=\"elementor-widget-wrap elementor-element-populated\">\n\t\t\t\t\t\t<div class=\"elementor-element elementor-element-e93ea2e elementor-widget elementor-widget-heading\" data-id=\"e93ea2e\" data-element_type=\"widget\" data-widget_type=\"heading.default\">\n\t\t\t\t<div class=\"elementor-widget-container\">\n\t\t\t\t\t<h2 class=\"elementor-heading-title elementor-size-default\">Helsingin Taitoluisteluklubin historian merkkipaaluja<\/h2>\t\t\t\t<\/div>\n\t\t\t\t<\/div>\n\t\t\t\t<div class=\"elementor-element elementor-element-6c9a71e3 elementor-widget elementor-widget-text-editor\" data-id=\"6c9a71e3\" data-element_type=\"widget\" data-widget_type=\"text-editor.default\">\n\t\t\t\t<div class=\"elementor-widget-container\">\n\t\t\t\t\t\t\t\t\t<ul><li aria-level=\"1\">1966 HTK saa alkunsa HJK:n kaunoluistelujaoksena, Helsingin j\u00e4\u00e4halli avataan.<\/li><li aria-level=\"1\">1970 Anuliisa Numminen (Uotila) ja Pekka Leskinen voittavat ensimm\u00e4iset Suomen mestaruutemme yksinluistelussa (HJK)<\/li><li aria-level=\"1\">1972 HTK perustetaan omana seuranaan 15.5. Jane Erkko aloittaa puheenjohtajana.<\/li><li aria-level=\"1\">1976 Pekka Leskinen edustaa HTK:ta ja Suomea Innsbruckin talviolympialaisissa It\u00e4vallassa, sijoitus 13.<\/li><li aria-level=\"1\">1980 Kristiina \u201dTintti\u201d Wegelius ja Susan Broman edustavat HTK:ta ja Suomea Lake Placidin talviolympialaisissa USAssa, Tintin sijoitus 10. ja Susanin 17.<\/li><li aria-level=\"1\">1981 Jane Erkko tuo muodostelmaluistelun Suomeen Pohjois-Amerikasta.<\/li><li aria-level=\"1\">1982 Maija ja Pekka Pekkala voittavat HTK:lle ensimm\u00e4isen pariluistelun Suomen mestaruuden seniorisarjassa.<\/li><li aria-level=\"1\">1991 Muodostelmaluistelun ensimm\u00e4iset Suomen mestaruuskilpailut j\u00e4rjestet\u00e4\u00e4n Turussa, HTK:lle kaksoisvoitto juniorisarjassa: The Rockets kultaa, Finettes hopeaa.<\/li><li aria-level=\"1\">1994 J\u00e4\u00e4tanssipari Katri Kuusniemi ja Juha Sasi voittavat HTK:n ensimm\u00e4isen Suomen mestaruuden.<\/li><li aria-level=\"1\">2008 Rockettes voittaa ensimm\u00e4isen muodostelmaluistelun maailmanmestaruutensa Budapestissa Unkarissa.<\/li><li aria-level=\"1\">2010 Rockettesille toinen MM-kulta Colorado Spingsiss\u00e4 Yhdysvalloissa.<\/li><li aria-level=\"1\">2011 HTK voittaa ensimm\u00e4isen\u00e4 ja ainoana seurana kaikki kolme muodostelmaluistelun SM-kultaa. Hattutemppu toistetaan 2020 ja 2022.<\/li><li aria-level=\"1\">2011 Rockettes voittaa maailmanmestaruuden Helsingin kotikisoissa.<\/li><li aria-level=\"1\">2020 Team Fintastic voittaa ensimm\u00e4isen junioreiden maailmanmestaruutensa Nottinghamissa Iso-Britanniassa.<\/li><li aria-level=\"1\">2021 HTK on lasten ja nuorten T\u00e4htiseura.<\/li><li aria-level=\"1\">2022 HTK:n Anton Erkama voittaa noviisipoikien Suomen mestaruuden.<\/li><li aria-level=\"1\">2022 Team Fintastic voittaa junioreiden maailmanmestaruuden toisen kerran per\u00e4kk\u00e4in Innsbruckissa It\u00e4vallassa.<\/li><li aria-level=\"1\">2022 HTK on aikuisten ja muodostelmaluistelussa huippu-urheilun T\u00e4htiseura.<\/li><li aria-level=\"1\">2022 Helsingin Taitoluisteluklubi t\u00e4ytt\u00e4\u00e4 50 vuotta, merkkivuotta juhlitaan Olympiastadionilla 15.10.2022.<\/li><li aria-level=\"1\">2023 Team Fintastic voittaa kolmannen per\u00e4tt\u00e4isen junioreiden maailman-mestaruuden Ranskan Angersissa.<\/li><li aria-level=\"1\">HTK on yksi maamme suurimmista ja menestyneimmist\u00e4 taitoluisteluseuroista, jolle on jaettu Ludowika ja Walter Jakobsonin \u201dParhaan Seuran\u201d malja 21 kertaa.<\/li><\/ul>\t\t\t\t\t\t\t\t<\/div>\n\t\t\t\t<\/div>\n\t\t\t\t\t<\/div>\n\t\t<\/div>\n\t\t\t\t\t<\/div>\n\t\t<\/section>\n\t\t\t\t<section class=\"elementor-section elementor-top-section elementor-element elementor-element-edb5a71 elementor-section-boxed elementor-section-height-default elementor-section-height-default\" data-id=\"edb5a71\" data-element_type=\"section\">\n\t\t\t\t\t\t<div class=\"elementor-container elementor-column-gap-default\">\n\t\t\t\t\t<div class=\"elementor-column elementor-col-100 elementor-top-column elementor-element elementor-element-48222fe\" data-id=\"48222fe\" data-element_type=\"column\">\n\t\t\t<div class=\"elementor-widget-wrap elementor-element-populated\">\n\t\t\t\t\t\t<div class=\"elementor-element elementor-element-f12a7ea elementor-widget elementor-widget-heading\" data-id=\"f12a7ea\" data-element_type=\"widget\" data-widget_type=\"heading.default\">\n\t\t\t\t<div class=\"elementor-widget-container\">\n\t\t\t\t\t<h2 class=\"elementor-heading-title elementor-size-default\">helsingin taitoluisteluklubin puheenjohtajat<\/h2>\t\t\t\t<\/div>\n\t\t\t\t<\/div>\n\t\t\t\t\t<\/div>\n\t\t<\/div>\n\t\t\t\t\t<\/div>\n\t\t<\/section>\n\t\t\t\t<section class=\"elementor-section elementor-top-section elementor-element elementor-element-1c05a95 elementor-section-boxed elementor-section-height-default elementor-section-height-default\" data-id=\"1c05a95\" data-element_type=\"section\">\n\t\t\t\t\t\t<div class=\"elementor-container elementor-column-gap-default\">\n\t\t\t\t\t<div class=\"elementor-column elementor-col-50 elementor-top-column elementor-element elementor-element-4d7848e\" data-id=\"4d7848e\" data-element_type=\"column\">\n\t\t\t<div class=\"elementor-widget-wrap elementor-element-populated\">\n\t\t\t\t\t\t<div class=\"elementor-element elementor-element-871806c elementor-widget elementor-widget-text-editor\" data-id=\"871806c\" data-element_type=\"widget\" data-widget_type=\"text-editor.default\">\n\t\t\t\t<div class=\"elementor-widget-container\">\n\t\t\t\t\t\t\t\t\t<ul style=\"font-variant-ligatures: normal; font-variant-caps: normal; font-family: Roboto, sans-serif; font-size: 14px; font-style: normal; font-weight: 400;\"><li style=\"font-size: 14px;\"><a style=\"font-size: 14px;\" href=\"https:\/\/www.stll.fi\/2014\/03\/17\/jane-erkko-1936-2014\/\">Jane Erkko<\/a>\u00a01972-1985<\/li><li style=\"font-size: 14px;\">Irja Stening 1985-1987<\/li><li style=\"font-size: 14px;\">Jane Erkko 1987-1990<\/li><li style=\"font-size: 14px;\">Mirja Nenonen 1990-1991<\/li><li style=\"font-size: 14px;\">Tuire Numminen 1991-1993<\/li><li style=\"font-size: 14px;\">Ari J. Aalto 1993-1996<\/li><li style=\"font-size: 14px;\">Teuvo Korhonen 1997-1998<\/li><li style=\"font-size: 14px;\">Kirsi Mett\u00e4l\u00e4 1999-2003<\/li><li style=\"font-size: 14px;\">Jean Borgstr\u00f6m 2003-2011<\/li><li style=\"font-size: 14px;\">Juha Timonen 2011-2017<\/li><li style=\"font-size: 14px;\">Petri Toivanen 2017-2019<\/li><li style=\"font-size: 14px;\">Pasi Lehtinen 2019-<\/li><\/ul>\t\t\t\t\t\t\t\t<\/div>\n\t\t\t\t<\/div>\n\t\t\t\t\t<\/div>\n\t\t<\/div>\n\t\t\t\t<div class=\"elementor-column elementor-col-50 elementor-top-column elementor-element elementor-element-ff183a9\" data-id=\"ff183a9\" data-element_type=\"column\">\n\t\t\t<div class=\"elementor-widget-wrap elementor-element-populated\">\n\t\t\t\t\t\t<div class=\"elementor-element elementor-element-3e67e0d elementor-widget elementor-widget-image\" data-id=\"3e67e0d\" data-element_type=\"widget\" data-widget_type=\"image.default\">\n\t\t\t\t<div class=\"elementor-widget-container\">\n\t\t\t\t\t\t\t\t\t\t\t\t<figure class=\"wp-caption\">\n\t\t\t\t\t\t\t\t\t\t<img fetchpriority=\"high\" decoding=\"async\" width=\"375\" height=\"515\" src=\"https:\/\/helsingintaitoluisteluklubi.com\/wp-content\/uploads\/2019\/09\/Jane-Erkko-1976.jpg\" class=\"attachment-medium_large size-medium_large wp-image-2478\" alt=\"\" srcset=\"https:\/\/helsingintaitoluisteluklubi.com\/wp-content\/uploads\/2019\/09\/Jane-Erkko-1976.jpg 375w, https:\/\/helsingintaitoluisteluklubi.com\/wp-content\/uploads\/2019\/09\/Jane-Erkko-1976-218x300.jpg 218w\" sizes=\"(max-width: 375px) 100vw, 375px\" \/>\t\t\t\t\t\t\t\t\t\t\t<figcaption class=\"widget-image-caption wp-caption-text\">Jane Erkko 1976 (Kuvasiskot, Museovirasto) <\/figcaption>\n\t\t\t\t\t\t\t\t\t\t<\/figure>\n\t\t\t\t\t\t\t\t\t<\/div>\n\t\t\t\t<\/div>\n\t\t\t\t\t<\/div>\n\t\t<\/div>\n\t\t\t\t\t<\/div>\n\t\t<\/section>\n\t\t\t\t<\/div>\n\t\t","protected":false},"excerpt":{"rendered":"<p>historiamme alkoi hjk:n kaunoluistelujaostona Miten suomalaisia kaunoluistelijoita saataisiin mukaan maailmanmestaruuskisoihin? Suomaisen luistelun tilanne vaivasi Jane Erkkoa 1965 Colorado Springsin kisakatsomossa.\u00a0 H\u00e4n ryhtyi toimeen ja marraskuussa 1966 toimintansa aloitti Helsingin Jalkapalloklubin [&hellip;]<\/p>\n","protected":false},"author":1,"featured_media":0,"parent":1886,"menu_order":0,"comment_status":"closed","ping_status":"closed","template":"","meta":{"footnotes":""},"acf":[],"_links":{"self":[{"href":"https:\/\/helsingintaitoluisteluklubi.com\/wp-json\/wp\/v2\/pages\/1918"}],"collection":[{"href":"https:\/\/helsingintaitoluisteluklubi.com\/wp-json\/wp\/v2\/pages"}],"about":[{"href":"https:\/\/helsingintaitoluisteluklubi.com\/wp-json\/wp\/v2\/types\/page"}],"author":[{"embeddable":true,"href":"https:\/\/helsingintaitoluisteluklubi.com\/wp-json\/wp\/v2\/users\/1"}],"replies":[{"embeddable":true,"href":"https:\/\/helsingintaitoluisteluklubi.com\/wp-json\/wp\/v2\/comments?post=1918"}],"version-history":[{"count":75,"href":"https:\/\/helsingintaitoluisteluklubi.com\/wp-json\/wp\/v2\/pages\/1918\/revisions"}],"predecessor-version":[{"id":10808,"href":"https:\/\/helsingintaitoluisteluklubi.com\/wp-json\/wp\/v2\/pages\/1918\/revisions\/10808"}],"up":[{"embeddable":true,"href":"https:\/\/helsingintaitoluisteluklubi.com\/wp-json\/wp\/v2\/pages\/1886"}],"wp:attachment":[{"href":"https:\/\/helsingintaitoluisteluklubi.com\/wp-json\/wp\/v2\/media?parent=1918"}],"curies":[{"name":"wp","href":"https:\/\/api.w.org\/{rel}","templated":true}]}}