{"id":1894,"date":"2019-09-15T12:05:45","date_gmt":"2019-09-15T10:05:45","guid":{"rendered":"http:\/\/185.55.85.16\/plesk-site-preview\/helsingintaitoluisteluklubi.com\/185.55.85.16\/?page_id=1894"},"modified":"2020-06-15T19:04:36","modified_gmt":"2020-06-15T17:04:36","slug":"tarkoituksemme-ja-arvomme","status":"publish","type":"page","link":"https:\/\/helsingintaitoluisteluklubi.com\/seura\/tama-on-htk\/tarkoituksemme-ja-arvomme\/","title":{"rendered":"Tarkoituksemme ja arvomme"},"content":{"rendered":"\t\t<div data-elementor-type=\"wp-post\" data-elementor-id=\"1894\" class=\"elementor elementor-1894\">\n\t\t\t\t\t\t<section class=\"elementor-section elementor-top-section elementor-element elementor-element-2beb2d4 elementor-section-boxed elementor-section-height-default elementor-section-height-default\" data-id=\"2beb2d4\" data-element_type=\"section\">\n\t\t\t\t\t\t<div class=\"elementor-container elementor-column-gap-default\">\n\t\t\t\t\t<div class=\"elementor-column elementor-col-100 elementor-top-column elementor-element elementor-element-20ab931\" data-id=\"20ab931\" data-element_type=\"column\">\n\t\t\t<div class=\"elementor-widget-wrap elementor-element-populated\">\n\t\t\t\t\t\t<div class=\"elementor-element elementor-element-4c1bb08 elementor-widget elementor-widget-image\" data-id=\"4c1bb08\" data-element_type=\"widget\" data-widget_type=\"image.default\">\n\t\t\t\t<div class=\"elementor-widget-container\">\n\t\t\t\t\t\t\t\t\t\t\t\t\t\t\t<img fetchpriority=\"high\" decoding=\"async\" width=\"2048\" height=\"763\" src=\"https:\/\/helsingintaitoluisteluklubi.com\/wp-content\/uploads\/2019\/09\/IMG_7457-Pano.jpg\" class=\"attachment-full size-full wp-image-2406\" alt=\"\" srcset=\"https:\/\/helsingintaitoluisteluklubi.com\/wp-content\/uploads\/2019\/09\/IMG_7457-Pano.jpg 2048w, https:\/\/helsingintaitoluisteluklubi.com\/wp-content\/uploads\/2019\/09\/IMG_7457-Pano-300x112.jpg 300w, https:\/\/helsingintaitoluisteluklubi.com\/wp-content\/uploads\/2019\/09\/IMG_7457-Pano-768x286.jpg 768w, https:\/\/helsingintaitoluisteluklubi.com\/wp-content\/uploads\/2019\/09\/IMG_7457-Pano-1024x382.jpg 1024w\" sizes=\"(max-width: 2048px) 100vw, 2048px\" \/>\t\t\t\t\t\t\t\t\t\t\t\t\t\t\t<\/div>\n\t\t\t\t<\/div>\n\t\t\t\t\t<\/div>\n\t\t<\/div>\n\t\t\t\t\t<\/div>\n\t\t<\/section>\n\t\t\t\t<section class=\"elementor-section elementor-top-section elementor-element elementor-element-3471d9b elementor-section-boxed elementor-section-height-default elementor-section-height-default\" data-id=\"3471d9b\" data-element_type=\"section\">\n\t\t\t\t\t\t<div class=\"elementor-container elementor-column-gap-default\">\n\t\t\t\t\t<div class=\"elementor-column elementor-col-100 elementor-top-column elementor-element elementor-element-2726377\" data-id=\"2726377\" data-element_type=\"column\">\n\t\t\t<div class=\"elementor-widget-wrap elementor-element-populated\">\n\t\t\t\t\t\t<div class=\"elementor-element elementor-element-580d2c9 elementor-widget elementor-widget-heading\" data-id=\"580d2c9\" data-element_type=\"widget\" data-widget_type=\"heading.default\">\n\t\t\t\t<div class=\"elementor-widget-container\">\n\t\t\t\t\t<h2 class=\"elementor-heading-title elementor-size-large\">tarkoituksemme ja arvomme<\/h2>\t\t\t\t<\/div>\n\t\t\t\t<\/div>\n\t\t\t\t\t<\/div>\n\t\t<\/div>\n\t\t\t\t\t<\/div>\n\t\t<\/section>\n\t\t\t\t<section class=\"elementor-section elementor-top-section elementor-element elementor-element-6743837 elementor-section-boxed elementor-section-height-default elementor-section-height-default\" data-id=\"6743837\" data-element_type=\"section\">\n\t\t\t\t\t\t<div class=\"elementor-container elementor-column-gap-default\">\n\t\t\t\t\t<div class=\"elementor-column elementor-col-100 elementor-top-column elementor-element elementor-element-4171040\" data-id=\"4171040\" data-element_type=\"column\">\n\t\t\t<div class=\"elementor-widget-wrap elementor-element-populated\">\n\t\t\t\t\t\t<div class=\"elementor-element elementor-element-ee8bff9 elementor-widget elementor-widget-heading\" data-id=\"ee8bff9\" data-element_type=\"widget\" data-widget_type=\"heading.default\">\n\t\t\t\t<div class=\"elementor-widget-container\">\n\t\t\t\t\t<h2 class=\"elementor-heading-title elementor-size-default\">tarkoitus vastaa kysymykseen, miksi olemme olemassa<\/h2>\t\t\t\t<\/div>\n\t\t\t\t<\/div>\n\t\t\t\t\t<\/div>\n\t\t<\/div>\n\t\t\t\t\t<\/div>\n\t\t<\/section>\n\t\t\t\t<section class=\"elementor-section elementor-top-section elementor-element elementor-element-66248c48 elementor-section-boxed elementor-section-height-default elementor-section-height-default\" data-id=\"66248c48\" data-element_type=\"section\">\n\t\t\t\t\t\t<div class=\"elementor-container elementor-column-gap-default\">\n\t\t\t\t\t<div class=\"elementor-column elementor-col-100 elementor-top-column elementor-element elementor-element-8e2e44e\" data-id=\"8e2e44e\" data-element_type=\"column\">\n\t\t\t<div class=\"elementor-widget-wrap elementor-element-populated\">\n\t\t\t\t\t\t<div class=\"elementor-element elementor-element-61a9faa elementor-widget elementor-widget-text-editor\" data-id=\"61a9faa\" data-element_type=\"widget\" data-widget_type=\"text-editor.default\">\n\t\t\t\t<div class=\"elementor-widget-container\">\n\t\t\t\t\t\t\t\t\t<p class=\"MsoNormal\"><b><i><span style=\"font-size: 12.0pt; mso-bidi-font-family: Arial;\">Olemme ainutlaatuinen taitoluisteluyhteis\u00f6. Tarjoamme kannustavan ja innostavan ymp\u00e4rist\u00f6n kehitty\u00e4 urheilijana ja kasvaa ihmisen\u00e4.<\/span><\/i><\/b><\/p><p class=\"MsoNormal\"><span style=\"font-size: 12.0pt; mso-bidi-font-family: Arial;\">Haluamme puhua HTK:st\u00e4 nimenomaan yhteis\u00f6n\u00e4 eik\u00e4 pelk\u00e4st\u00e4\u00e4n seurana, sill\u00e4 tekemisemme ytimess\u00e4 olemme me kaikki taitoluistelun piiriss\u00e4 toimivat: luistelijat, valmentajat, vanhemmat ja muut l\u00e4heiset, fanit sek\u00e4 tietysti seuramme ty\u00f6ntekij\u00e4t. <b>Yhdess\u00e4 muodostamme yhteis\u00f6n<\/b>, joka on enemm\u00e4n kuin pelk\u00e4st\u00e4\u00e4n seura.<\/span><\/p><p class=\"MsoNormal\"><span style=\"font-size: 12pt;\">Lis\u00e4ksi kaiken tekemisemme ytimess\u00e4 on tukea ja kehitt\u00e4\u00e4 luistelijoittemme kasvua niin urheilijoina kuin ihmisin\u00e4kin. HTK tarjoaa kannustavan, innostavan ja turvallisen ymp\u00e4rist\u00f6n harjoittaa taitoluistelua tavoitteellisesti ja laadukkaasti. Samalla kun meill\u00e4 on etuoikeus ja ilo kehitt\u00e4\u00e4 nuorten luistelijoittemme taitoja yh\u00e4 pidemm\u00e4lle, meill\u00e4 on my\u00f6s mahdollisuus ja vastuu tukea heid\u00e4n kasvuaan tasapainoisina, itse\u00e4\u00e4n arvostavina ja itsens\u00e4 hyv\u00e4ksyvin\u00e4 yksil\u00f6in\u00e4 ja ihmisin\u00e4.<\/span><\/p>\t\t\t\t\t\t\t\t<\/div>\n\t\t\t\t<\/div>\n\t\t\t\t\t<\/div>\n\t\t<\/div>\n\t\t\t\t\t<\/div>\n\t\t<\/section>\n\t\t\t\t<section class=\"elementor-section elementor-top-section elementor-element elementor-element-0cead4c elementor-section-boxed elementor-section-height-default elementor-section-height-default\" data-id=\"0cead4c\" data-element_type=\"section\">\n\t\t\t\t\t\t<div class=\"elementor-container elementor-column-gap-default\">\n\t\t\t\t\t<div class=\"elementor-column elementor-col-100 elementor-top-column elementor-element elementor-element-d1aa3a2\" data-id=\"d1aa3a2\" data-element_type=\"column\">\n\t\t\t<div class=\"elementor-widget-wrap elementor-element-populated\">\n\t\t\t\t\t\t<div class=\"elementor-element elementor-element-9daea28 elementor-widget elementor-widget-heading\" data-id=\"9daea28\" data-element_type=\"widget\" data-widget_type=\"heading.default\">\n\t\t\t\t<div class=\"elementor-widget-container\">\n\t\t\t\t\t<h2 class=\"elementor-heading-title elementor-size-default\">Arvot kuvaavat sit\u00e4 miten toimimme ja miten kohtelemme toisiamme<\/h2>\t\t\t\t<\/div>\n\t\t\t\t<\/div>\n\t\t\t\t<div class=\"elementor-element elementor-element-53f77d8 elementor-widget elementor-widget-text-editor\" data-id=\"53f77d8\" data-element_type=\"widget\" data-widget_type=\"text-editor.default\">\n\t\t\t\t<div class=\"elementor-widget-container\">\n\t\t\t\t\t\t\t\t\t<p>Haluamme, ett\u00e4 arvot ohjaavat puheitamme, tekojamme ja k\u00e4ytt\u00e4ytymist\u00e4mme ja toimivat ohjenuorana tavassamme toimia.<\/p>\t\t\t\t\t\t\t\t<\/div>\n\t\t\t\t<\/div>\n\t\t\t\t\t<\/div>\n\t\t<\/div>\n\t\t\t\t\t<\/div>\n\t\t<\/section>\n\t\t\t\t<section class=\"elementor-section elementor-top-section elementor-element elementor-element-ebeab59 elementor-section-boxed elementor-section-height-default elementor-section-height-default\" data-id=\"ebeab59\" data-element_type=\"section\">\n\t\t\t\t\t\t<div class=\"elementor-container elementor-column-gap-default\">\n\t\t\t\t\t<div class=\"elementor-column elementor-col-25 elementor-top-column elementor-element elementor-element-3e7d06f\" data-id=\"3e7d06f\" data-element_type=\"column\">\n\t\t\t<div class=\"elementor-widget-wrap elementor-element-populated\">\n\t\t\t\t\t\t<div class=\"elementor-element elementor-element-6de1941 elementor-widget elementor-widget-text-editor\" data-id=\"6de1941\" data-element_type=\"widget\" data-widget_type=\"text-editor.default\">\n\t\t\t\t<div class=\"elementor-widget-container\">\n\t\t\t\t\t\t\t\t\t<span style=\"font-family: Roboto, sans-serif; font-size: 14px; font-style: normal; font-variant-ligatures: normal; font-variant-caps: normal; font-weight: 600;\"><em style=\"font-size: 14px;\">Arvostus<\/em><\/span><span style=\"font-family: Roboto, sans-serif; font-size: 14px; font-style: normal; font-variant-ligatures: normal; font-variant-caps: normal; font-weight: 400;\">\n<\/span><span style=\"font-family: Roboto, sans-serif; font-size: 14px; font-style: normal; font-variant-ligatures: normal; font-variant-caps: normal; font-weight: 400;\">ansaitaan sek\u00e4 yhteis\u00f6mme sis\u00e4ll\u00e4 ett\u00e4 sen ulkopuolelta. Arvostus on sit\u00e4, ett\u00e4 kohtaamme ja huomioimme kaikki yhteis\u00f6mme j\u00e4senet tasapuolisesti. Haluamme kasvattaa urheilijoita, jotka kunnioittavat ja arvostavat muita \u2013 me vanhemmat ja valmentajat toimimme itse esimerkkein\u00e4. Tervehdimme ja kannustamme kaikkia. Emme arvostele muita.<\/span>\t\t\t\t\t\t\t\t<\/div>\n\t\t\t\t<\/div>\n\t\t\t\t\t<\/div>\n\t\t<\/div>\n\t\t\t\t<div class=\"elementor-column elementor-col-25 elementor-top-column elementor-element elementor-element-69ea1dc\" data-id=\"69ea1dc\" data-element_type=\"column\">\n\t\t\t<div class=\"elementor-widget-wrap elementor-element-populated\">\n\t\t\t\t\t\t<div class=\"elementor-element elementor-element-4cfbccd elementor-widget elementor-widget-text-editor\" data-id=\"4cfbccd\" data-element_type=\"widget\" data-widget_type=\"text-editor.default\">\n\t\t\t\t<div class=\"elementor-widget-container\">\n\t\t\t\t\t\t\t\t\t<p><span style=\"font-variant-ligatures: normal; font-variant-caps: normal; font-family: Roboto, sans-serif; font-size: 14px; font-style: normal; font-weight: 600;\"><em style=\"font-size: 14px;\">Avoimuus<\/em><\/span><span style=\"font-family: Roboto, sans-serif; font-size: 14px; font-style: normal; font-variant-ligatures: normal; font-variant-caps: normal; font-weight: 400;\">\u00a0<br \/>n\u00e4kyy siin\u00e4, ett\u00e4 yhteis\u00f6mme on avoin kaikille ja se ottaa kaikki mukaan ja huomioon. Olemme avoimia uusille ajatuksille. Avoimuudella haluamme tukea ymm\u00e4rryst\u00e4 seuran toimintatavoista. Otamme reippaasti yhteytt\u00e4 seuran toimihenkil\u00f6ihin, valmentajiin, joukkueen- tai ryhm\u00e4njohtajiin tai kapteeneihin, jos jokin asia mietitytt\u00e4\u00e4.<\/span><\/p>\t\t\t\t\t\t\t\t<\/div>\n\t\t\t\t<\/div>\n\t\t\t\t\t<\/div>\n\t\t<\/div>\n\t\t\t\t<div class=\"elementor-column elementor-col-25 elementor-top-column elementor-element elementor-element-a54e97e\" data-id=\"a54e97e\" data-element_type=\"column\">\n\t\t\t<div class=\"elementor-widget-wrap elementor-element-populated\">\n\t\t\t\t\t\t<div class=\"elementor-element elementor-element-6ad70c9 elementor-widget elementor-widget-text-editor\" data-id=\"6ad70c9\" data-element_type=\"widget\" data-widget_type=\"text-editor.default\">\n\t\t\t\t<div class=\"elementor-widget-container\">\n\t\t\t\t\t\t\t\t\t<p><span style=\"font-variant-ligatures: normal; font-variant-caps: normal; font-family: Roboto, sans-serif; font-size: 14px; font-style: normal; font-weight: 600;\"><em style=\"font-size: 14px;\">Tahdomme<br \/><\/em><\/span><span style=\"font-family: Roboto, sans-serif; font-size: 14px; font-style: normal; font-variant-ligatures: normal; font-variant-caps: normal; font-weight: 400;\">toimia esimerkkein\u00e4 ja viemme rohkeasti lajiamme eteenp\u00e4in. Tuemme luistelijoiden tahtoa ja uskallusta kokeilla ja oppia uutta niin urheilijana kuin omana itsen\u00e4\u00e4n. Olemme kannustavana tukena urheilijalle &#8211; my\u00f6s tiukalla hetkell\u00e4.<\/span><\/p>\t\t\t\t\t\t\t\t<\/div>\n\t\t\t\t<\/div>\n\t\t\t\t\t<\/div>\n\t\t<\/div>\n\t\t\t\t<div class=\"elementor-column elementor-col-25 elementor-top-column elementor-element elementor-element-a41824d\" data-id=\"a41824d\" data-element_type=\"column\">\n\t\t\t<div class=\"elementor-widget-wrap elementor-element-populated\">\n\t\t\t\t\t\t<div class=\"elementor-element elementor-element-9b3c8d7 elementor-widget elementor-widget-text-editor\" data-id=\"9b3c8d7\" data-element_type=\"widget\" data-widget_type=\"text-editor.default\">\n\t\t\t\t<div class=\"elementor-widget-container\">\n\t\t\t\t\t\t\t\t\t<p><span style=\"font-family: Roboto, sans-serif; font-size: 14px; font-style: normal; font-variant-ligatures: normal; font-variant-caps: normal; font-weight: 400;\">Olemme\u00a0<\/span><span style=\"font-variant-ligatures: normal; font-variant-caps: normal; font-family: Roboto, sans-serif; font-size: 14px; font-style: normal; font-weight: 600;\"><em style=\"font-size: 14px;\">tavoitteellisia<br \/><\/em><\/span><span style=\"font-family: Roboto, sans-serif; font-size: 14px; font-style: normal; font-variant-ligatures: normal; font-variant-caps: normal; font-weight: 400;\">\u00a0&#8211; Iloitsemme kehittymisest\u00e4 ja sitoudumme treeneihin. Pyrimme treeneiss\u00e4 ja kisoissa aina parhaimpaamme. Harrastuksen perustana on luistelun ilo ja hyvinvointi, joiden uskomme olevan edellytyksen\u00e4 urheilulliselle menestyksellemme. Pid\u00e4mme kehittymist\u00e4 urheilijana sek\u00e4 kasvua ihmisen\u00e4 yht\u00e4 t\u00e4rkein\u00e4.<\/span><\/p>\t\t\t\t\t\t\t\t<\/div>\n\t\t\t\t<\/div>\n\t\t\t\t\t<\/div>\n\t\t<\/div>\n\t\t\t\t\t<\/div>\n\t\t<\/section>\n\t\t\t\t<\/div>\n\t\t","protected":false},"excerpt":{"rendered":"<p>tarkoituksemme ja arvomme tarkoitus vastaa kysymykseen, miksi olemme olemassa Olemme ainutlaatuinen taitoluisteluyhteis\u00f6. Tarjoamme kannustavan ja innostavan ymp\u00e4rist\u00f6n kehitty\u00e4 urheilijana ja kasvaa ihmisen\u00e4. Haluamme puhua HTK:st\u00e4 nimenomaan yhteis\u00f6n\u00e4 eik\u00e4 pelk\u00e4st\u00e4\u00e4n seurana, [&hellip;]<\/p>\n","protected":false},"author":1,"featured_media":0,"parent":1886,"menu_order":0,"comment_status":"closed","ping_status":"closed","template":"","meta":{"footnotes":""},"acf":[],"_links":{"self":[{"href":"https:\/\/helsingintaitoluisteluklubi.com\/wp-json\/wp\/v2\/pages\/1894"}],"collection":[{"href":"https:\/\/helsingintaitoluisteluklubi.com\/wp-json\/wp\/v2\/pages"}],"about":[{"href":"https:\/\/helsingintaitoluisteluklubi.com\/wp-json\/wp\/v2\/types\/page"}],"author":[{"embeddable":true,"href":"https:\/\/helsingintaitoluisteluklubi.com\/wp-json\/wp\/v2\/users\/1"}],"replies":[{"embeddable":true,"href":"https:\/\/helsingintaitoluisteluklubi.com\/wp-json\/wp\/v2\/comments?post=1894"}],"version-history":[{"count":39,"href":"https:\/\/helsingintaitoluisteluklubi.com\/wp-json\/wp\/v2\/pages\/1894\/revisions"}],"predecessor-version":[{"id":5107,"href":"https:\/\/helsingintaitoluisteluklubi.com\/wp-json\/wp\/v2\/pages\/1894\/revisions\/5107"}],"up":[{"embeddable":true,"href":"https:\/\/helsingintaitoluisteluklubi.com\/wp-json\/wp\/v2\/pages\/1886"}],"wp:attachment":[{"href":"https:\/\/helsingintaitoluisteluklubi.com\/wp-json\/wp\/v2\/media?parent=1894"}],"curies":[{"name":"wp","href":"https:\/\/api.w.org\/{rel}","templated":true}]}}